{"id":50338,"date":"2026-02-09T10:07:28","date_gmt":"2026-02-09T09:07:28","guid":{"rendered":"https:\/\/techstore.ba\/shop\/?post_type=product&#038;p=50338"},"modified":"2026-03-07T09:55:21","modified_gmt":"2026-03-07T08:55:21","slug":"samsung-galaxy-l705-white-ultra","status":"publish","type":"product","link":"https:\/\/techstore.ba\/shop\/product\/samsung-galaxy-l705-white-ultra\/","title":{"rendered":"SAMSUNG GALAXY L705 TIT. WHITE ULTRA"},"content":{"rendered":"<pre id=\"tw-target-text\" class=\"tw-data-text tw-text-large tw-ta\" dir=\"ltr\" tabindex=\"-1\" role=\"text\" data-placeholder=\"Translation\" data-ved=\"2ahUKEwj2k-X1hMySAxV81QIHHTuBH68Q3ewLegQIDBAW\" aria-label=\"Translated text: Ekran: Super AMOLED ekran od 1,5 in\u010da s rezolucijom od 480 x 480 piksela i ultra svijetlim vrhom od 3.000 nita za vidljivost na otvorenom. Performanse: Pokre\u0107e ga 3nm Exynos W1000 penta-core procesor s 2 GB RAM-a i 32 GB interne memorije. Trajanje baterije: Nudi do 100 sati u na\u010dinu rada za u\u0161tedu energije ili pribli\u017eno 48 sati uz intenzivno kori\u0161tenje. Povezivanje: Uklju\u010duje podr\u0161ku za LTE (eSIM), Bluetooth 5.3, dvopojasni Wi-Fi i dvofrekventni GPS (L1+L5) za visokoprecizno pra\u0107enje.\"><span class=\"Y2IQFc\" lang=\"bs\">Ekran: Super AMOLED ekran od 1,5 in\u010da s rezolucijom od 480 x 480 piksela i ultra svijetlim vrhom od 3.000 nita za vidljivost na otvorenom.\r\nPerformanse: Pokre\u0107e ga 3nm Exynos W1000 penta-core procesor s 2 GB RAM-a i 32 GB interne memorije.\r\nTrajanje baterije: Nudi do 100 sati u na\u010dinu rada za u\u0161tedu energije ili pribli\u017eno 48 sati uz intenzivno kori\u0161tenje.\r\nPovezivanje: Uklju\u010duje podr\u0161ku za LTE (eSIM), Bluetooth 5.3, dvopojasni Wi-Fi i dvofrekventni GPS (L1+L5) za visokoprecizno pra\u0107enje.<\/span><\/pre>\n","protected":false},"excerpt":{"rendered":"<p>Ekran: Super AMOLED ekran od 1,5 in\u010da s rezolucijom od 480 x 480 piksela i ultra svijetlim vrhom od 3.000 nita za vidljivost na otvorenom. Performanse: Pokre\u0107e ga 3nm Exynos W1000 penta-core procesor s 2 GB RAM-a i 32 GB interne memorije. Trajanje baterije: Nudi do 100 sati u na\u010dinu rada za u\u0161tedu energije ili [&hellip;]<\/p>\n","protected":false},"featured_media":50339,"template":"","meta":[],"product_cat":[1235,477],"product_tag":[],"class_list":{"0":"post-50338","1":"product","2":"type-product","3":"status-publish","4":"has-post-thumbnail","6":"product_cat-8-mart-akcija","7":"product_cat-ct-smartwatch","8":"pa_brend-smart-watch","10":"first","11":"instock","12":"sale","13":"shipping-taxable","14":"purchasable","15":"product-type-simple"},"_links":{"self":[{"href":"https:\/\/techstore.ba\/shop\/wp-json\/wp\/v2\/product\/50338","targetHints":{"allow":["GET"]}}],"collection":[{"href":"https:\/\/techstore.ba\/shop\/wp-json\/wp\/v2\/product"}],"about":[{"href":"https:\/\/techstore.ba\/shop\/wp-json\/wp\/v2\/types\/product"}],"wp:featuredmedia":[{"embeddable":true,"href":"https:\/\/techstore.ba\/shop\/wp-json\/wp\/v2\/media\/50339"}],"wp:attachment":[{"href":"https:\/\/techstore.ba\/shop\/wp-json\/wp\/v2\/media?parent=50338"}],"wp:term":[{"taxonomy":"product_cat","embeddable":true,"href":"https:\/\/techstore.ba\/shop\/wp-json\/wp\/v2\/product_cat?post=50338"},{"taxonomy":"product_tag","embeddable":true,"href":"https:\/\/techstore.ba\/shop\/wp-json\/wp\/v2\/product_tag?post=50338"}],"curies":[{"name":"wp","href":"https:\/\/api.w.org\/{rel}","templated":true}]}}