{"id":50333,"date":"2026-02-09T09:58:59","date_gmt":"2026-02-09T08:58:59","guid":{"rendered":"https:\/\/techstore.ba\/shop\/?post_type=product&#038;p=50333"},"modified":"2026-04-04T16:21:22","modified_gmt":"2026-04-04T14:21:22","slug":"samsung-galaxy-watch-8-40mm-graphite","status":"publish","type":"product","link":"https:\/\/techstore.ba\/shop\/product\/samsung-galaxy-watch-8-40mm-graphite\/","title":{"rendered":"SAMSUNG GALAXY WATCH 8 40MM GRAPHITE"},"content":{"rendered":"<pre id=\"tw-target-text\" class=\"tw-data-text tw-text-large tw-ta\" dir=\"ltr\" tabindex=\"-1\" role=\"text\" data-placeholder=\"Translation\" data-ved=\"2ahUKEwj2k-X1hMySAxV81QIHHTuBH68Q3ewLegQIDBAW\" aria-label=\"Translated text: Dimenzije i te\u017eina: 40,4 x 42,7 x 8,6 mm; te\u017eina je pribli\u017eno 30 g bez remena. Ekran: 1,47-in\u010dni Super AMOLED sa rezolucijom od 480 x 480 piksela. Performanse: 2 GB RAM-a i 32 GB interne memorije. Baterija: Kapacitet 325 mAh, podr\u0161ka za do 30 sati rada sa omogu\u0107enim Always-On Display (AOD). Izdr\u017eljivost: Za\u0161tita od safirnog kristalnog stakla, otpornost na vodu\/pra\u0161inu 5ATM + IP68 i vojni certifikat MIL-STD-810H.\"><span class=\"Y2IQFc\" lang=\"bs\">Dimenzije i te\u017eina: 40,4 x 42,7 x 8,6 mm; te\u017eina je pribli\u017eno 30 g bez remena.\r\nEkran: 1,47-in\u010dni Super AMOLED sa rezolucijom od 480 x 480 piksela.\r\nPerformanse: 2 GB RAM-a i 32 GB interne memorije.\r\nBaterija: Kapacitet 325 mAh, podr\u0161ka za do 30 sati rada sa omogu\u0107enim Always-On Display (AOD).\r\nIzdr\u017eljivost: Za\u0161tita od safirnog kristalnog stakla, otpornost na vodu\/pra\u0161inu 5ATM + IP68 i vojni certifikat MIL-STD-810H.<\/span><\/pre>\n","protected":false},"excerpt":{"rendered":"<p>Dimenzije i te\u017eina: 40,4 x 42,7 x 8,6 mm; te\u017eina je pribli\u017eno 30 g bez remena. Ekran: 1,47-in\u010dni Super AMOLED sa rezolucijom od 480 x 480 piksela. Performanse: 2 GB RAM-a i 32 GB interne memorije. Baterija: Kapacitet 325 mAh, podr\u0161ka za do 30 sati rada sa omogu\u0107enim Always-On Display (AOD). Izdr\u017eljivost: Za\u0161tita od safirnog [&hellip;]<\/p>\n","protected":false},"featured_media":50334,"template":"","meta":[],"product_cat":[1235,1231,477],"product_tag":[],"class_list":{"0":"post-50333","1":"product","2":"type-product","3":"status-publish","4":"has-post-thumbnail","6":"product_cat-8-mart-akcija","7":"product_cat-akcijamart","8":"product_cat-ct-smartwatch","9":"pa_brend-smart-watch","11":"first","12":"instock","13":"sale","14":"shipping-taxable","15":"purchasable","16":"product-type-simple"},"_links":{"self":[{"href":"https:\/\/techstore.ba\/shop\/wp-json\/wp\/v2\/product\/50333","targetHints":{"allow":["GET"]}}],"collection":[{"href":"https:\/\/techstore.ba\/shop\/wp-json\/wp\/v2\/product"}],"about":[{"href":"https:\/\/techstore.ba\/shop\/wp-json\/wp\/v2\/types\/product"}],"wp:featuredmedia":[{"embeddable":true,"href":"https:\/\/techstore.ba\/shop\/wp-json\/wp\/v2\/media\/50334"}],"wp:attachment":[{"href":"https:\/\/techstore.ba\/shop\/wp-json\/wp\/v2\/media?parent=50333"}],"wp:term":[{"taxonomy":"product_cat","embeddable":true,"href":"https:\/\/techstore.ba\/shop\/wp-json\/wp\/v2\/product_cat?post=50333"},{"taxonomy":"product_tag","embeddable":true,"href":"https:\/\/techstore.ba\/shop\/wp-json\/wp\/v2\/product_tag?post=50333"}],"curies":[{"name":"wp","href":"https:\/\/api.w.org\/{rel}","templated":true}]}}