{"id":50292,"date":"2026-02-07T17:50:39","date_gmt":"2026-02-07T16:50:39","guid":{"rendered":"https:\/\/techstore.ba\/shop\/?post_type=product&#038;p=50292"},"modified":"2026-02-13T20:33:05","modified_gmt":"2026-02-13T19:33:05","slug":"lenovo-thinkpad-e16-gen-3","status":"publish","type":"product","link":"https:\/\/techstore.ba\/shop\/product\/lenovo-thinkpad-e16-gen-3\/","title":{"rendered":"LENOVO ThinkPad E16 Gen 3"},"content":{"rendered":"<div class=\"Y3BBE\" data-sfc-cp=\"\" data-hveid=\"CAEIBhAA\" data-complete=\"true\" data-processed=\"true\"><strong class=\"Yjhzub\" data-complete=\"true\">Lenovo ThinkPad E16 Gen 3<\/strong>\u00a0je mo\u0107ni 16-in\u010dni poslovni laptop koji postavlja novi standard za produktivnost i vrijednost. Dizajniran za zahtjevne profesionalce, ovaj ure\u0111aj donosi beskompromisnu snagu zahvaljuju\u0107i najnovijim\u00a0<strong class=\"Yjhzub\" data-complete=\"true\">Intel Core Ultra<\/strong>\u00a0ili\u00a0<strong class=\"Yjhzub\" data-complete=\"true\">AMD Ryzen<\/strong>\u00a0procesorima. Sa ugra\u0111enim AI funkcijama, ThinkPad E16 Gen 3 inteligentno optimizuje performanse kako bi va\u0161 rad bio fluidniji i efikasniji nego ikada prije.<button class=\"rBl3me\" tabindex=\"0\" data-amic=\"true\" data-icl-uuid=\"d22e97dd-9220-493e-be9b-7c13d479f8b4\" aria-label=\"View related links\" data-wiz-attrbind=\"disabled=FnHmB_1n\/C5gNJc;aria-label=FnHmB_1n\/bOjMyf;class=FnHmB_1n\/UpSNec\" data-ved=\"2ahUKEwit_uGtmteSAxXs2wIHHU6OLywQye0OegYIAQgGEAE\"><\/button><\/div>\n<div class=\"Y3BBE\" data-sfc-cp=\"\" data-hveid=\"CAEIBxAA\" data-complete=\"true\" data-processed=\"true\">Isti\u010de se prostranim\u00a0<strong class=\"Yjhzub\" data-complete=\"true\">16-in\u010dnim WQXGA ekranom<\/strong>\u00a0koji nudi izuzetnu jasno\u0107u i mnogo prostora za rad, \u0161to ga \u010dini savr\u0161enim za multitasking, analizu podataka i dugu upotrebu bez naprezanja o\u010diju. Ekran sa visokom svjetlinom i anti-glare premazom omogu\u0107ava udoban rad u razli\u010ditim uslovima osvjetljenja.<button class=\"rBl3me\" tabindex=\"0\" data-amic=\"true\" data-icl-uuid=\"f57cc89e-c358-4050-9704-16449cea3a53\" aria-label=\"View related links\" data-wiz-attrbind=\"disabled=FnHmB_1s\/C5gNJc;aria-label=FnHmB_1s\/bOjMyf;class=FnHmB_1s\/UpSNec\" data-ved=\"2ahUKEwit_uGtmteSAxXs2wIHHU6OLywQye0OegYIAQgHEAE\"><\/button><\/div>\n<div class=\"Y3BBE\" data-sfc-cp=\"\" data-hveid=\"CAEICBAA\" data-complete=\"true\" data-processed=\"true\">Ovaj laptop je sinonim za izdr\u017eljivost. Izra\u0111en sa aluminijskim poklopcem i robusnim ku\u0107i\u0161tem, spreman je da izdr\u017ei svakodnevne udarce i putovanja. Legendarna ThinkPad tastatura, poznata po udobnosti i preciznosti, uklju\u010duje i numeri\u010dki dio, \u0161to je idealno za rad sa brojevima i finansijama.<button class=\"rBl3me\" tabindex=\"0\" data-amic=\"true\" data-icl-uuid=\"a61e0e42-0bc9-44e7-ba42-99e5266f165a\" aria-label=\"View related links\" data-wiz-attrbind=\"disabled=FnHmB_1w\/C5gNJc;aria-label=FnHmB_1w\/bOjMyf;class=FnHmB_1w\/UpSNec\" data-ved=\"2ahUKEwit_uGtmteSAxXs2wIHHU6OLywQye0OegYIAQgIEAE\"><\/button><\/div>\n<div class=\"Y3BBE\" data-sfc-cp=\"\" data-hveid=\"CAEICRAA\" data-complete=\"true\" data-processed=\"true\">Kada je u pitanju povezivost i pro\u0161irivost, E16 Gen 3 briljira. Nudi sveobuhvatan set portova, uklju\u010duju\u0107i moderne Thunderbolt 4 (na Intel verzijama) i klasi\u010dne USB-A i Ethernet portove, osiguravaju\u0107i da ste uvijek povezani sa svim svojim periferijama bez potrebe za dodatnim adapterima.<button class=\"rBl3me\" tabindex=\"0\" data-amic=\"true\" data-icl-uuid=\"3def5492-edc1-48e3-b8e7-a28ada369816\" aria-label=\"View related links\" data-wiz-attrbind=\"disabled=FnHmB_20\/C5gNJc;aria-label=FnHmB_20\/bOjMyf;class=FnHmB_20\/UpSNec\" data-ved=\"2ahUKEwit_uGtmteSAxXs2wIHHU6OLywQye0OegYIAQgJEAE\"><\/button><\/div>\n<div class=\"Y3BBE\" data-sfc-cp=\"\" data-hveid=\"CAEIChAA\" data-complete=\"true\" data-processed=\"true\">Fleksibilnost je klju\u010dna karakteristika, jer nudi jednostavnu nadogradnju memorije i prostora za pohranu. Sa dva M.2 slota i dva SO-DIMM slota, mo\u017eete prilagoditi ovaj laptop ta\u010dno svojim potrebama, osiguravaju\u0107i da Va\u0161a investicija ostane relevantna godinama koje dolaze.<button class=\"rBl3me\" tabindex=\"0\" data-amic=\"true\" data-icl-uuid=\"09685c7e-c3b1-4b05-9ef5-e698806060f0\" aria-label=\"View related links\" data-wiz-attrbind=\"disabled=FnHmB_24\/C5gNJc;aria-label=FnHmB_24\/bOjMyf;class=FnHmB_24\/UpSNec\" data-ved=\"2ahUKEwit_uGtmteSAxXs2wIHHU6OLywQye0OegYIAQgKEAE\"><\/button><\/div>\n<div class=\"Y3BBE\" data-sfc-cp=\"\" data-hveid=\"CAEICxAA\" data-complete=\"true\" data-processed=\"true\" aria-owns=\"action-menu-parent-container\">Odaberite\u00a0<strong class=\"Yjhzub\" data-complete=\"true\">Lenovo ThinkPad E16 Gen 3<\/strong>\u00a0i investirajte u laptop koji isporu\u010duje poslovne performanse, ThinkPad kvalitetu izrade i izuzetnu svestranost po pristupa\u010dnoj cijeni.<\/div>\n","protected":false},"excerpt":{"rendered":"<p><span class=\"T286Pc\" data-sfc-cp=\"\" data-complete=\"true\"><strong class=\"Yjhzub\" data-complete=\"true\">Procesor:<\/strong>\u00a0Najnoviji Intel Core Ultra 7 (2. generacije) ili AMD Ryzen 7 (7000\/200 serije).<\/span><\/p>\n<p><span class=\"T286Pc\" data-sfc-cp=\"\" data-complete=\"true\"><strong class=\"Yjhzub\" data-complete=\"true\">Memorija (RAM):<\/strong>\u00a0Pro\u0161irivo do masivnih 64 GB DDR5 5600 MHz.<\/span><\/p>\n<p><span class=\"T286Pc\" data-sfc-cp=\"\" data-complete=\"true\"><strong class=\"Yjhzub\" data-complete=\"true\">Pohrana:<\/strong>\u00a0Mogu\u0107nost ugradnje do dva M.2 PCIe Gen 4 SSD diska, svaki do 1 TB.<\/span><\/p>\n<p><span class=\"T286Pc\" data-sfc-cp=\"\" data-complete=\"true\"><strong class=\"Yjhzub\" data-complete=\"true\">Ekran:<\/strong>\u00a0Veliki 16-in\u010dni WQXGA (2560 x 1600) IPS zaslon, 400 nits svjetline, anti-glare premaz.<\/span><\/p>\n<p><span class=\"T286Pc\" data-sfc-cp=\"\" data-complete=\"true\"><strong class=\"Yjhzub\" data-complete=\"true\">Grafika:<\/strong>\u00a0Integrisana Intel Arc ili AMD Radeon grafika.<\/span><\/p>\n<p><span class=\"T286Pc\" data-sfc-cp=\"\" data-complete=\"true\"><strong class=\"Yjhzub\" data-complete=\"true\">Portovi:<\/strong>\u00a0Thunderbolt 4 (na Intel modelima), USB-C sa DisplayPort i Power Delivery podr\u0161kom, HDMI 2.1, 2x USB-A, RJ-45 Ethernet.<\/span><\/p>\n<p><span class=\"T286Pc\" data-sfc-cp=\"\" data-complete=\"true\"><strong class=\"Yjhzub\" data-complete=\"true\">Sigurnost:<\/strong>\u00a0dTPM 2.0 sigurnosni \u010dip, fizi\u010dki zatvara\u010d za web kameru, opcioni \u010dita\u010d otiska prsta.<\/span><\/p>\n<p><span class=\"T286Pc\" data-sfc-cp=\"\" data-complete=\"true\" aria-owns=\"action-menu-parent-container\"><strong class=\"Yjhzub\" data-complete=\"true\">Povezivost:<\/strong>\u00a0WiFi 6E i Bluetooth 5.3 za munjevito brze veze.<br \/>\n<strong>Operativni sistem:\u00a0<\/strong>Windows 11 i Office paket licencirani<\/span><\/p>\n","protected":false},"featured_media":50293,"template":"","meta":[],"product_cat":[409],"product_tag":[753],"class_list":{"0":"post-50292","1":"product","2":"type-product","3":"status-publish","4":"has-post-thumbnail","6":"product_brand-lenovo","7":"product_cat-ct-notebooks","8":"product_tag-top","9":"pa_brend-lenovo","11":"first","12":"instock","13":"shipping-taxable","14":"purchasable","15":"product-type-simple"},"_links":{"self":[{"href":"https:\/\/techstore.ba\/shop\/wp-json\/wp\/v2\/product\/50292","targetHints":{"allow":["GET"]}}],"collection":[{"href":"https:\/\/techstore.ba\/shop\/wp-json\/wp\/v2\/product"}],"about":[{"href":"https:\/\/techstore.ba\/shop\/wp-json\/wp\/v2\/types\/product"}],"wp:featuredmedia":[{"embeddable":true,"href":"https:\/\/techstore.ba\/shop\/wp-json\/wp\/v2\/media\/50293"}],"wp:attachment":[{"href":"https:\/\/techstore.ba\/shop\/wp-json\/wp\/v2\/media?parent=50292"}],"wp:term":[{"taxonomy":"product_cat","embeddable":true,"href":"https:\/\/techstore.ba\/shop\/wp-json\/wp\/v2\/product_cat?post=50292"},{"taxonomy":"product_tag","embeddable":true,"href":"https:\/\/techstore.ba\/shop\/wp-json\/wp\/v2\/product_tag?post=50292"}],"curies":[{"name":"wp","href":"https:\/\/api.w.org\/{rel}","templated":true}]}}