{"id":50195,"date":"2026-02-06T15:49:51","date_gmt":"2026-02-06T14:49:51","guid":{"rendered":"https:\/\/techstore.ba\/shop\/product\/tefal-sokovnik-350w\/"},"modified":"2026-03-03T03:40:15","modified_gmt":"2026-03-03T02:40:15","slug":"tefal-sokovnik-350w","status":"publish","type":"product","link":"https:\/\/techstore.ba\/shop\/product\/tefal-sokovnik-350w\/","title":{"rendered":"Tefal sokovnik 350W"},"content":{"rendered":"","protected":false},"excerpt":{"rendered":"<p>Tefal sokovnik ZE370138,Frutelia+, plasti\u010dno ku\u0107i\u0161te,odvojivi dijelovi sigurni za pranje u ma\u0161ini za posu\u0111e ,350W,Filter od nehr\u0111aju\u0107eg \u010delika,  2 brzine i impulsne funkcije, kapacitet spremnika &#8211; 950 ml &#8230;<\/p>\n","protected":false},"featured_media":50196,"template":"","meta":[],"product_cat":[826,844,15],"product_tag":[],"class_list":{"0":"post-50195","1":"product","2":"type-product","3":"status-publish","4":"has-post-thumbnail","6":"product_cat-ct-sokovnik","7":"product_cat-brend-tefal","8":"product_cat-uncategorized","9":"pa_brend-sokovnici","11":"first","12":"instock","13":"shipping-taxable","14":"purchasable","15":"product-type-simple"},"_links":{"self":[{"href":"https:\/\/techstore.ba\/shop\/wp-json\/wp\/v2\/product\/50195","targetHints":{"allow":["GET"]}}],"collection":[{"href":"https:\/\/techstore.ba\/shop\/wp-json\/wp\/v2\/product"}],"about":[{"href":"https:\/\/techstore.ba\/shop\/wp-json\/wp\/v2\/types\/product"}],"wp:featuredmedia":[{"embeddable":true,"href":"https:\/\/techstore.ba\/shop\/wp-json\/wp\/v2\/media\/50196"}],"wp:attachment":[{"href":"https:\/\/techstore.ba\/shop\/wp-json\/wp\/v2\/media?parent=50195"}],"wp:term":[{"taxonomy":"product_cat","embeddable":true,"href":"https:\/\/techstore.ba\/shop\/wp-json\/wp\/v2\/product_cat?post=50195"},{"taxonomy":"product_tag","embeddable":true,"href":"https:\/\/techstore.ba\/shop\/wp-json\/wp\/v2\/product_tag?post=50195"}],"curies":[{"name":"wp","href":"https:\/\/api.w.org\/{rel}","templated":true}]}}