{"id":50179,"date":"2026-02-06T15:34:02","date_gmt":"2026-02-06T14:34:02","guid":{"rendered":"https:\/\/techstore.ba\/shop\/product\/tefal-kuhinjski-robot-800w-2\/"},"modified":"2026-02-19T19:46:51","modified_gmt":"2026-02-19T18:46:51","slug":"tefal-kuhinjski-robot-800w-2","status":"publish","type":"product","link":"https:\/\/techstore.ba\/shop\/product\/tefal-kuhinjski-robot-800w-2\/","title":{"rendered":"Tefal kuhinjski robot 800W"},"content":{"rendered":"","protected":false},"excerpt":{"rendered":"<p>Bake Essential  kuhinjski robot visokih performansi,  savr\u0161eno mije\u0161anje u velikoj posudi od nehr\u0111aju\u0107eg \u010delika od 4,8 L,  800 W snage, Bake Essential Rise kuhinjski robot, mutilice, mje\u0161alica, kuka za tijesto, plasti\u010dni poklopac<\/p>\n","protected":false},"featured_media":50180,"template":"","meta":[],"product_cat":[803,844,15],"product_tag":[],"class_list":{"0":"post-50179","1":"product","2":"type-product","3":"status-publish","4":"has-post-thumbnail","6":"product_cat-ct-mikseri","7":"product_cat-brend-tefal","8":"product_cat-uncategorized","9":"pa_brend-mikseri","11":"first","12":"instock","13":"shipping-taxable","14":"purchasable","15":"product-type-simple"},"_links":{"self":[{"href":"https:\/\/techstore.ba\/shop\/wp-json\/wp\/v2\/product\/50179","targetHints":{"allow":["GET"]}}],"collection":[{"href":"https:\/\/techstore.ba\/shop\/wp-json\/wp\/v2\/product"}],"about":[{"href":"https:\/\/techstore.ba\/shop\/wp-json\/wp\/v2\/types\/product"}],"wp:featuredmedia":[{"embeddable":true,"href":"https:\/\/techstore.ba\/shop\/wp-json\/wp\/v2\/media\/50180"}],"wp:attachment":[{"href":"https:\/\/techstore.ba\/shop\/wp-json\/wp\/v2\/media?parent=50179"}],"wp:term":[{"taxonomy":"product_cat","embeddable":true,"href":"https:\/\/techstore.ba\/shop\/wp-json\/wp\/v2\/product_cat?post=50179"},{"taxonomy":"product_tag","embeddable":true,"href":"https:\/\/techstore.ba\/shop\/wp-json\/wp\/v2\/product_tag?post=50179"}],"curies":[{"name":"wp","href":"https:\/\/api.w.org\/{rel}","templated":true}]}}