{"id":50174,"date":"2026-02-06T15:33:58","date_gmt":"2026-02-06T14:33:58","guid":{"rendered":"https:\/\/techstore.ba\/shop\/product\/tefal-rucni-mikserposuda-300w\/"},"modified":"2026-02-17T00:06:47","modified_gmt":"2026-02-16T23:06:47","slug":"tefal-rucni-mikserposuda-300w","status":"publish","type":"product","link":"https:\/\/techstore.ba\/shop\/product\/tefal-rucni-mikserposuda-300w\/","title":{"rendered":"Tefal ru\u010dni mikser+posuda 300W"},"content":{"rendered":"","protected":false},"excerpt":{"rendered":"<p>Tefal HT312138 Quick mix, Tefal mikser, bijela boja i inox, 300 W, ru\u010dni mikser sa autorotiraju\u0107om posudom od 3.5L, mogu\u0107nost kori\u0161tenja bez posude i dr\u017ea\u010da, 5 brzina i turbo funkcija, Set mutilica, mje\u0161alica, za tijesto, bjelanke, \u0161lag, Set kukica.<\/p>\n","protected":false},"featured_media":50175,"template":"","meta":[],"product_cat":[803,844,15],"product_tag":[],"class_list":{"0":"post-50174","1":"product","2":"type-product","3":"status-publish","4":"has-post-thumbnail","6":"product_cat-ct-mikseri","7":"product_cat-brend-tefal","8":"product_cat-uncategorized","9":"pa_brend-mikseri","11":"first","12":"outofstock","13":"shipping-taxable","14":"purchasable","15":"product-type-simple"},"_links":{"self":[{"href":"https:\/\/techstore.ba\/shop\/wp-json\/wp\/v2\/product\/50174","targetHints":{"allow":["GET"]}}],"collection":[{"href":"https:\/\/techstore.ba\/shop\/wp-json\/wp\/v2\/product"}],"about":[{"href":"https:\/\/techstore.ba\/shop\/wp-json\/wp\/v2\/types\/product"}],"wp:featuredmedia":[{"embeddable":true,"href":"https:\/\/techstore.ba\/shop\/wp-json\/wp\/v2\/media\/50175"}],"wp:attachment":[{"href":"https:\/\/techstore.ba\/shop\/wp-json\/wp\/v2\/media?parent=50174"}],"wp:term":[{"taxonomy":"product_cat","embeddable":true,"href":"https:\/\/techstore.ba\/shop\/wp-json\/wp\/v2\/product_cat?post=50174"},{"taxonomy":"product_tag","embeddable":true,"href":"https:\/\/techstore.ba\/shop\/wp-json\/wp\/v2\/product_tag?post=50174"}],"curies":[{"name":"wp","href":"https:\/\/api.w.org\/{rel}","templated":true}]}}