{"id":50120,"date":"2026-02-06T15:19:53","date_gmt":"2026-02-06T14:19:53","guid":{"rendered":"https:\/\/techstore.ba\/shop\/product\/rowenta-rotirajuca-cetka-1000w-2\/"},"modified":"2026-03-19T14:23:00","modified_gmt":"2026-03-19T13:23:00","slug":"rowenta-rotirajuca-cetka-1000w-2","status":"publish","type":"product","link":"https:\/\/techstore.ba\/shop\/product\/rowenta-rotirajuca-cetka-1000w-2\/","title":{"rendered":"Rowenta rotiraju\u0107a \u010detka 1000W"},"content":{"rendered":"","protected":false},"excerpt":{"rendered":"<p>Rowenta CF9520F0 Brush Active rotiraju\u0107a \u010detka,1000W za brzo su\u0161enje i oblikovanje,ionski generator za smanjenje stati\u010dkog elektriciteta,kerami\u010dka obloga.\u010cetke od 5 cm i 4 cm,za\u0161titnici za \u010detku,2 dvosmjerna prekida\u010da za lijevu\/desnu rotaciju<\/p>\n","protected":false},"featured_media":50121,"template":"","meta":[],"product_cat":[770,563],"product_tag":[],"class_list":{"0":"post-50120","1":"product","2":"type-product","3":"status-publish","4":"has-post-thumbnail","6":"product_cat-ct-beautycare","7":"product_cat-brend-rowenta","8":"pa_brend-proizvodi-za-njegu-i-ljepotu","10":"first","11":"outofstock","12":"shipping-taxable","13":"purchasable","14":"product-type-simple"},"_links":{"self":[{"href":"https:\/\/techstore.ba\/shop\/wp-json\/wp\/v2\/product\/50120","targetHints":{"allow":["GET"]}}],"collection":[{"href":"https:\/\/techstore.ba\/shop\/wp-json\/wp\/v2\/product"}],"about":[{"href":"https:\/\/techstore.ba\/shop\/wp-json\/wp\/v2\/types\/product"}],"wp:featuredmedia":[{"embeddable":true,"href":"https:\/\/techstore.ba\/shop\/wp-json\/wp\/v2\/media\/50121"}],"wp:attachment":[{"href":"https:\/\/techstore.ba\/shop\/wp-json\/wp\/v2\/media?parent=50120"}],"wp:term":[{"taxonomy":"product_cat","embeddable":true,"href":"https:\/\/techstore.ba\/shop\/wp-json\/wp\/v2\/product_cat?post=50120"},{"taxonomy":"product_tag","embeddable":true,"href":"https:\/\/techstore.ba\/shop\/wp-json\/wp\/v2\/product_tag?post=50120"}],"curies":[{"name":"wp","href":"https:\/\/api.w.org\/{rel}","templated":true}]}}