{"id":49953,"date":"2026-02-05T14:53:11","date_gmt":"2026-02-05T13:53:11","guid":{"rendered":"https:\/\/techstore.ba\/shop\/product\/asus-vivobook-15-e1504ga-ws35-15-6-fhd-intel-i3-n305-8gb-ddr4-256gb\/"},"modified":"2026-04-04T11:28:45","modified_gmt":"2026-04-04T09:28:45","slug":"asus-vivobook-15-e1504ga-ws35-15-6-fhd-intel-i3-n305-8gb-ddr4-256gb","status":"publish","type":"product","link":"https:\/\/techstore.ba\/shop\/product\/asus-vivobook-15-e1504ga-ws35-15-6-fhd-intel-i3-n305-8gb-ddr4-256gb\/","title":{"rendered":"ASUS VivoBook 15 E1504GA-WS35 15.6&#8221; FHD, Intel i3-N305, 8GB DDR4, 256GB,"},"content":{"rendered":"<p data-start=\"200\" data-end=\"599\">ASUS VivoBook 15 E1504GA-WS35 nudi pouzdano i prakti\u010dno rje\u0161enje za svakodnevni rad, u\u010denje i zabavu. Njegov <strong data-start=\"309\" data-end=\"334\">15,6-in\u010dni FHD zaslon<\/strong> pru\u017ea o\u0161tru i jasnu sliku, bogate boje i dovoljno prostora za multitasking, bilo da pregledavate dokumente, surfate internetom ili gledate omiljene serije i filmove. Antirefleksivni ekran osigurava ugodno kori\u0161tenje i tokom du\u017eeg vremena, bez naprezanja o\u010diju.<\/p>\n<p data-start=\"601\" data-end=\"921\">Sredi\u0161nji dio ovog ure\u0111aja je <strong data-start=\"631\" data-end=\"673\">Intel Core i3 procesor nove generacije<\/strong>, u kombinaciji s <strong data-start=\"691\" data-end=\"712\">8GB DDR4 memorije<\/strong>, \u0161to omogu\u0107ava stabilan rad i fluidno izvo\u0111enje svakodnevnih zadataka. Bilo da radite u uredskim aplikacijama, pratite online nastavu ili komunicirate putem videopoziva, VivoBook 15 reaguje brzo i pouzdano.<\/p>\n<p data-start=\"923\" data-end=\"1187\"><strong data-start=\"923\" data-end=\"936\">256GB SSD<\/strong> osigurava dovoljno prostora za dokumente, projekte i multimedijske datoteke, uz brzo pokretanje sustava i aplikacija. SSD pohrana dodatno ubrzava rad i smanjuje vrijeme u\u010ditavanja, \u0161to ovaj laptop \u010dini prakti\u010dnim i efikasnim za svakodnevnu upotrebu.<\/p>\n<p data-start=\"1189\" data-end=\"1499\">VivoBook 15 zadr\u017eava prepoznatljivu ASUS kombinaciju elegancije i funkcionalnosti \u2013 tanak profil, lagano ku\u0107i\u0161te i ugodnu tipkovnicu koja omogu\u0107ava precizno i udobno tipkanje tokom cijelog dana. Dugotrajna baterija dodatno nagla\u0161ava mobilnost ure\u0111aja, \u010dine\u0107i ga idealnim za rad u uredu, \u0161koli ili kod ku\u0107e.<\/p>\n<p data-start=\"1501\" data-end=\"1683\"><strong data-start=\"1501\" data-end=\"1534\">ASUS VivoBook 15 E1504GA-WS35<\/strong> savr\u0161en je izbor za korisnike koji tra\u017ee pouzdan, lagan i moderan laptop za svakodnevne zadatke, u\u010denja i zabavu, sve u jednom elegantnom ure\u0111aju.<\/p>\n","protected":false},"excerpt":{"rendered":"<p>ASUS VivoBook 15 E1504GA-WS35, 15.6&#8221; FHD, Intel i3-N305,  8GB DDR4, 256GB, 720p HD WebCam, Fingerprint senzor, US tastatura layout, Windows 11 Home, 12m. garancija<\/p>\n","protected":false},"featured_media":49954,"template":"","meta":[],"product_cat":[582,409],"product_tag":[],"class_list":{"0":"post-49953","1":"product","2":"type-product","3":"status-publish","4":"has-post-thumbnail","6":"product_cat-brend-asus","7":"product_cat-ct-notebooks","8":"pa_brend-asus","10":"first","11":"instock","12":"shipping-taxable","13":"purchasable","14":"product-type-simple"},"_links":{"self":[{"href":"https:\/\/techstore.ba\/shop\/wp-json\/wp\/v2\/product\/49953","targetHints":{"allow":["GET"]}}],"collection":[{"href":"https:\/\/techstore.ba\/shop\/wp-json\/wp\/v2\/product"}],"about":[{"href":"https:\/\/techstore.ba\/shop\/wp-json\/wp\/v2\/types\/product"}],"wp:featuredmedia":[{"embeddable":true,"href":"https:\/\/techstore.ba\/shop\/wp-json\/wp\/v2\/media\/49954"}],"wp:attachment":[{"href":"https:\/\/techstore.ba\/shop\/wp-json\/wp\/v2\/media?parent=49953"}],"wp:term":[{"taxonomy":"product_cat","embeddable":true,"href":"https:\/\/techstore.ba\/shop\/wp-json\/wp\/v2\/product_cat?post=49953"},{"taxonomy":"product_tag","embeddable":true,"href":"https:\/\/techstore.ba\/shop\/wp-json\/wp\/v2\/product_tag?post=49953"}],"curies":[{"name":"wp","href":"https:\/\/api.w.org\/{rel}","templated":true}]}}