{"id":49900,"date":"2026-02-05T08:10:09","date_gmt":"2026-02-05T07:10:09","guid":{"rendered":"https:\/\/techstore.ba\/shop\/product\/bosch-spojni-dio-wtz27410\/"},"modified":"2026-04-04T11:56:33","modified_gmt":"2026-04-04T09:56:33","slug":"bosch-spojni-dio-wtz27410","status":"publish","type":"product","link":"https:\/\/techstore.ba\/shop\/product\/bosch-spojni-dio-wtz27410\/","title":{"rendered":"BOSCH Spojni dio WTZ27410"},"content":{"rendered":"","protected":false},"excerpt":{"rendered":"<p>BOSCH Spojni dio WTZ27410 na perilicu rublja puneveli\u010dine (dubina >55 cm), Prije naru\u010divanja provjerite kompatibilnost s va\u0161im ure\u0111ajem<\/p>\n","protected":false},"featured_media":50035,"template":"","meta":[],"product_cat":[843,722],"product_tag":[],"class_list":{"0":"post-49900","1":"product","2":"type-product","3":"status-publish","4":"has-post-thumbnail","6":"product_cat-brend-bosch","7":"product_cat-ct-vesmasine","8":"pa_brend-bosch","10":"first","11":"instock","12":"shipping-taxable","13":"purchasable","14":"product-type-simple"},"_links":{"self":[{"href":"https:\/\/techstore.ba\/shop\/wp-json\/wp\/v2\/product\/49900","targetHints":{"allow":["GET"]}}],"collection":[{"href":"https:\/\/techstore.ba\/shop\/wp-json\/wp\/v2\/product"}],"about":[{"href":"https:\/\/techstore.ba\/shop\/wp-json\/wp\/v2\/types\/product"}],"wp:featuredmedia":[{"embeddable":true,"href":"https:\/\/techstore.ba\/shop\/wp-json\/wp\/v2\/media\/50035"}],"wp:attachment":[{"href":"https:\/\/techstore.ba\/shop\/wp-json\/wp\/v2\/media?parent=49900"}],"wp:term":[{"taxonomy":"product_cat","embeddable":true,"href":"https:\/\/techstore.ba\/shop\/wp-json\/wp\/v2\/product_cat?post=49900"},{"taxonomy":"product_tag","embeddable":true,"href":"https:\/\/techstore.ba\/shop\/wp-json\/wp\/v2\/product_tag?post=49900"}],"curies":[{"name":"wp","href":"https:\/\/api.w.org\/{rel}","templated":true}]}}