{"id":49892,"date":"2026-02-05T08:09:00","date_gmt":"2026-02-05T07:09:00","guid":{"rendered":"https:\/\/techstore.ba\/shop\/product\/bosch-plinska-ploca-serie-2nehrdjajuci-celik-4-plamenikasnaga-1-3kw\/"},"modified":"2026-04-04T11:55:15","modified_gmt":"2026-04-04T09:55:15","slug":"bosch-plinska-ploca-serie-2nehrdjajuci-celik-4-plamenikasnaga-1-3kw","status":"publish","type":"product","link":"https:\/\/techstore.ba\/shop\/product\/bosch-plinska-ploca-serie-2nehrdjajuci-celik-4-plamenikasnaga-1-3kw\/","title":{"rendered":"BOSCH  Plinska plo\u010da Serie 2|Nehr\u0111aju\u0107i \u010delik, 4 plamenikasnaga 1-3kW,"},"content":{"rendered":"","protected":false},"excerpt":{"rendered":"<p>BOSCH  Plinska plo\u010da PBP6B5K80 Serie 2| Nehr\u0111aju\u0107i \u010delik,4 plamenika snage 1-3kW<\/p>\n","protected":false},"featured_media":0,"template":"","meta":[],"product_cat":[843,841,15],"product_tag":[],"class_list":{"0":"post-49892","1":"product","2":"type-product","3":"status-publish","5":"product_cat-brend-bosch","6":"product_cat-ct-ugrploce","7":"product_cat-uncategorized","8":"pa_brend-bosch","10":"first","11":"instock","12":"shipping-taxable","13":"purchasable","14":"product-type-simple"},"_links":{"self":[{"href":"https:\/\/techstore.ba\/shop\/wp-json\/wp\/v2\/product\/49892","targetHints":{"allow":["GET"]}}],"collection":[{"href":"https:\/\/techstore.ba\/shop\/wp-json\/wp\/v2\/product"}],"about":[{"href":"https:\/\/techstore.ba\/shop\/wp-json\/wp\/v2\/types\/product"}],"wp:attachment":[{"href":"https:\/\/techstore.ba\/shop\/wp-json\/wp\/v2\/media?parent=49892"}],"wp:term":[{"taxonomy":"product_cat","embeddable":true,"href":"https:\/\/techstore.ba\/shop\/wp-json\/wp\/v2\/product_cat?post=49892"},{"taxonomy":"product_tag","embeddable":true,"href":"https:\/\/techstore.ba\/shop\/wp-json\/wp\/v2\/product_tag?post=49892"}],"curies":[{"name":"wp","href":"https:\/\/api.w.org\/{rel}","templated":true}]}}