{"id":49860,"date":"2026-02-05T07:43:03","date_gmt":"2026-02-05T06:43:03","guid":{"rendered":"https:\/\/techstore.ba\/shop\/product\/tesla-frizider-rc3100he1855-cm-visine-samootapajucivol-315-l-neto-219-96\/"},"modified":"2026-03-03T01:17:17","modified_gmt":"2026-03-03T00:17:17","slug":"tesla-frizider-rc3100he1855-cm-visine-samootapajucivol-315-l-neto-219-96","status":"publish","type":"product","link":"https:\/\/techstore.ba\/shop\/product\/tesla-frizider-rc3100he1855-cm-visine-samootapajucivol-315-l-neto-219-96\/","title":{"rendered":"Tesla Fri\u017eider RC3100HE185,5 cm visine, samootapaju\u0107ivol. 315 l (neto 219\/96)"},"content":{"rendered":"","protected":false},"excerpt":{"rendered":"<p>TESLA Fri\u017eider-combo RC3100HE; 185,8 cm; bruto vol. 315 l (neto 219\/96); samootapaju\u0107i; LED svjetlo; 3 staklene police; 3 police na vratima; kutija za vo\u0107e i povr\u0107e; 3 providne ladice u zamrziva\u010du; 40 dB; E energ.klasa<\/p>\n","protected":false},"featured_media":49904,"template":"","meta":[],"product_cat":[335,845],"product_tag":[],"class_list":{"0":"post-49860","1":"product","2":"type-product","3":"status-publish","4":"has-post-thumbnail","6":"product_cat-ct-frizideri","7":"product_cat-brend-tesla","8":"pa_brend-frizideri","10":"first","11":"outofstock","12":"shipping-taxable","13":"purchasable","14":"product-type-simple"},"_links":{"self":[{"href":"https:\/\/techstore.ba\/shop\/wp-json\/wp\/v2\/product\/49860","targetHints":{"allow":["GET"]}}],"collection":[{"href":"https:\/\/techstore.ba\/shop\/wp-json\/wp\/v2\/product"}],"about":[{"href":"https:\/\/techstore.ba\/shop\/wp-json\/wp\/v2\/types\/product"}],"wp:featuredmedia":[{"embeddable":true,"href":"https:\/\/techstore.ba\/shop\/wp-json\/wp\/v2\/media\/49904"}],"wp:attachment":[{"href":"https:\/\/techstore.ba\/shop\/wp-json\/wp\/v2\/media?parent=49860"}],"wp:term":[{"taxonomy":"product_cat","embeddable":true,"href":"https:\/\/techstore.ba\/shop\/wp-json\/wp\/v2\/product_cat?post=49860"},{"taxonomy":"product_tag","embeddable":true,"href":"https:\/\/techstore.ba\/shop\/wp-json\/wp\/v2\/product_tag?post=49860"}],"curies":[{"name":"wp","href":"https:\/\/api.w.org\/{rel}","templated":true}]}}