{"id":41473,"date":"2026-02-03T18:41:21","date_gmt":"2026-02-03T17:41:21","guid":{"rendered":"https:\/\/techstore.ba\/shop\/product\/bosch-usisivac-sa-posudomserie-4-prohygienicbijeli-10-godisnje-jamstvo-za-motor\/"},"modified":"2026-03-03T04:23:24","modified_gmt":"2026-03-03T03:23:24","slug":"bosch-usisivac-sa-posudomserie-4-prohygienicbijeli-10-godisnje-jamstvo-za-motor","status":"publish","type":"product","link":"https:\/\/techstore.ba\/shop\/product\/bosch-usisivac-sa-posudomserie-4-prohygienicbijeli-10-godisnje-jamstvo-za-motor\/","title":{"rendered":"BOSCH Usisiva\u010d sa posudomSerie 4|, ProHygienic,BIJELI 10-godi\u0161nje jamstvo za motor"},"content":{"rendered":"","protected":false},"excerpt":{"rendered":"<p>BOSCH Usisva\u010d s posudomBGC21HYG11 Serie 4| ProHygienic,BIJELI, 6.1 kg,  Radijus djelovanja: 10m;    HEPA  filter UltraAllergy za alergi\u010dare,  Tehnologija Power AirCycle,Turbo Brush \u010detka, 550W<\/p>\n","protected":false},"featured_media":41474,"template":"","meta":[],"product_cat":[843,721],"product_tag":[],"class_list":{"0":"post-41473","1":"product","2":"type-product","3":"status-publish","4":"has-post-thumbnail","6":"product_cat-brend-bosch","7":"product_cat-ct-usisivaci","8":"pa_brend-bosch","10":"first","11":"instock","12":"shipping-taxable","13":"purchasable","14":"product-type-simple"},"_links":{"self":[{"href":"https:\/\/techstore.ba\/shop\/wp-json\/wp\/v2\/product\/41473","targetHints":{"allow":["GET"]}}],"collection":[{"href":"https:\/\/techstore.ba\/shop\/wp-json\/wp\/v2\/product"}],"about":[{"href":"https:\/\/techstore.ba\/shop\/wp-json\/wp\/v2\/types\/product"}],"wp:featuredmedia":[{"embeddable":true,"href":"https:\/\/techstore.ba\/shop\/wp-json\/wp\/v2\/media\/41474"}],"wp:attachment":[{"href":"https:\/\/techstore.ba\/shop\/wp-json\/wp\/v2\/media?parent=41473"}],"wp:term":[{"taxonomy":"product_cat","embeddable":true,"href":"https:\/\/techstore.ba\/shop\/wp-json\/wp\/v2\/product_cat?post=41473"},{"taxonomy":"product_tag","embeddable":true,"href":"https:\/\/techstore.ba\/shop\/wp-json\/wp\/v2\/product_tag?post=41473"}],"curies":[{"name":"wp","href":"https:\/\/api.w.org\/{rel}","templated":true}]}}