{"id":41459,"date":"2026-02-03T18:41:02","date_gmt":"2026-02-03T17:41:02","guid":{"rendered":"https:\/\/techstore.ba\/shop\/product\/set-vrecica-w-d-bbzwd4bagwetdry-vrecice\/"},"modified":"2026-04-04T11:56:06","modified_gmt":"2026-04-04T09:56:06","slug":"set-vrecica-w-d-bbzwd4bagwetdry-vrecice","status":"publish","type":"product","link":"https:\/\/techstore.ba\/shop\/product\/set-vrecica-w-d-bbzwd4bagwetdry-vrecice\/","title":{"rendered":"Set vre\u0107ica W&#038; D BBZWD4BAGWet&#038;Dry vre\u0107ice"},"content":{"rendered":"","protected":false},"excerpt":{"rendered":"<p>BOSCH Set vre\u0107ica za Wet&#038;Dry Usisivace BBZWD4BAG&#8230;<\/p>\n","protected":false},"featured_media":41461,"template":"","meta":[],"product_cat":[843,720],"product_tag":[],"class_list":{"0":"post-41459","1":"product","2":"type-product","3":"status-publish","4":"has-post-thumbnail","6":"product_cat-brend-bosch","7":"product_cat-ct-usisivacac","8":"pa_brend-bosch","10":"first","11":"outofstock","12":"shipping-taxable","13":"purchasable","14":"product-type-simple"},"_links":{"self":[{"href":"https:\/\/techstore.ba\/shop\/wp-json\/wp\/v2\/product\/41459","targetHints":{"allow":["GET"]}}],"collection":[{"href":"https:\/\/techstore.ba\/shop\/wp-json\/wp\/v2\/product"}],"about":[{"href":"https:\/\/techstore.ba\/shop\/wp-json\/wp\/v2\/types\/product"}],"wp:featuredmedia":[{"embeddable":true,"href":"https:\/\/techstore.ba\/shop\/wp-json\/wp\/v2\/media\/41461"}],"wp:attachment":[{"href":"https:\/\/techstore.ba\/shop\/wp-json\/wp\/v2\/media?parent=41459"}],"wp:term":[{"taxonomy":"product_cat","embeddable":true,"href":"https:\/\/techstore.ba\/shop\/wp-json\/wp\/v2\/product_cat?post=41459"},{"taxonomy":"product_tag","embeddable":true,"href":"https:\/\/techstore.ba\/shop\/wp-json\/wp\/v2\/product_tag?post=41459"}],"curies":[{"name":"wp","href":"https:\/\/api.w.org\/{rel}","templated":true}]}}