{"id":41456,"date":"2026-02-03T18:41:00","date_gmt":"2026-02-03T17:41:00","guid":{"rendered":"https:\/\/techstore.ba\/shop\/product\/bosch-vrecice-za-usisivacetype-g-all-filtrira-999-do-60-veca-snaga-usisa-4-vrecice\/"},"modified":"2026-04-04T11:56:06","modified_gmt":"2026-04-04T09:56:06","slug":"bosch-vrecice-za-usisivacetype-g-all-filtrira-999-do-60-veca-snaga-usisa-4-vrecice","status":"publish","type":"product","link":"https:\/\/techstore.ba\/shop\/product\/bosch-vrecice-za-usisivacetype-g-all-filtrira-999-do-60-veca-snaga-usisa-4-vrecice\/","title":{"rendered":"BOSCH Vre\u0107ice za usisiva\u010deType G ALL; filtrira 99,9 %Do 60% ve\u0107a snaga usisa; 4 vre\u0107ice"},"content":{"rendered":"","protected":false},"excerpt":{"rendered":"<p>BOSCH Set Vre\u0107ica BBZ41FGALL; Set PowerProtect filter vre\u0107ice: Type G ALL; Do 60 % ve\u0107a snaga usisa; vre\u0107ica za prah filtrira 99,9 % fine pra\u0161ine; Do 50 % du\u017ei rad; Du\u017ei \u017eivotni vijek aparata; Sadr\u017eaj: 4 filter vre\u0107ice<\/p>\n","protected":false},"featured_media":41457,"template":"","meta":[],"product_cat":[843,720],"product_tag":[],"class_list":{"0":"post-41456","1":"product","2":"type-product","3":"status-publish","4":"has-post-thumbnail","6":"product_cat-brend-bosch","7":"product_cat-ct-usisivacac","8":"pa_brend-bosch","10":"first","11":"outofstock","12":"shipping-taxable","13":"purchasable","14":"product-type-simple"},"_links":{"self":[{"href":"https:\/\/techstore.ba\/shop\/wp-json\/wp\/v2\/product\/41456","targetHints":{"allow":["GET"]}}],"collection":[{"href":"https:\/\/techstore.ba\/shop\/wp-json\/wp\/v2\/product"}],"about":[{"href":"https:\/\/techstore.ba\/shop\/wp-json\/wp\/v2\/types\/product"}],"wp:featuredmedia":[{"embeddable":true,"href":"https:\/\/techstore.ba\/shop\/wp-json\/wp\/v2\/media\/41457"}],"wp:attachment":[{"href":"https:\/\/techstore.ba\/shop\/wp-json\/wp\/v2\/media?parent=41456"}],"wp:term":[{"taxonomy":"product_cat","embeddable":true,"href":"https:\/\/techstore.ba\/shop\/wp-json\/wp\/v2\/product_cat?post=41456"},{"taxonomy":"product_tag","embeddable":true,"href":"https:\/\/techstore.ba\/shop\/wp-json\/wp\/v2\/product_tag?post=41456"}],"curies":[{"name":"wp","href":"https:\/\/api.w.org\/{rel}","templated":true}]}}