{"id":41328,"date":"2026-02-03T18:32:46","date_gmt":"2026-02-03T17:32:46","guid":{"rendered":"https:\/\/techstore.ba\/shop\/product\/samsung-galaxy-a366-128grayandroid-15one-ui-76-7display50-8-5-12mp-cam\/"},"modified":"2026-04-04T11:46:50","modified_gmt":"2026-04-04T09:46:50","slug":"samsung-galaxy-a366-128grayandroid-15one-ui-76-7display50-8-5-12mp-cam","status":"publish","type":"product","link":"https:\/\/techstore.ba\/shop\/product\/samsung-galaxy-a366-128grayandroid-15one-ui-76-7display50-8-5-12mp-cam\/","title":{"rendered":"Samsung Galaxy A36,6\/128,GrayAndroid 15,One UI 76.7&#8221;display,50\/8\/5\/12MP cam"},"content":{"rendered":"<h3>Specifikacije<\/h3>\n<table style=\"border-collapse: collapse; width: 100%;\">\n<tbody>\n<tr>\n<th style=\"text-align: left; padding: 6px 10px; border: 1px solid #eee;\">BATTCAP_SMPH<\/th>\n<td style=\"padding: 6px 10px; border: 1px solid #eee;\">5000<\/td>\n<\/tr>\n<tr>\n<th style=\"text-align: left; padding: 6px 10px; border: 1px solid #eee;\">BATTIN<\/th>\n<td style=\"padding: 6px 10px; border: 1px solid #eee;\">Da<\/td>\n<\/tr>\n<tr>\n<th style=\"text-align: left; padding: 6px 10px; border: 1px solid #eee;\">BT_DANE<\/th>\n<td style=\"padding: 6px 10px; border: 1px solid #eee;\">Da<\/td>\n<\/tr>\n<tr>\n<th style=\"text-align: left; padding: 6px 10px; border: 1px solid #eee;\">CORE_SMPH<\/th>\n<td style=\"padding: 6px 10px; border: 1px solid #eee;\">Octa Core<\/td>\n<\/tr>\n<tr>\n<th style=\"text-align: left; padding: 6px 10px; border: 1px solid #eee;\">SIM<\/th>\n<td style=\"padding: 6px 10px; border: 1px solid #eee;\">Nano SIM<\/td>\n<\/tr>\n<tr>\n<th style=\"text-align: left; padding: 6px 10px; border: 1px solid #eee;\">SIM_NO<\/th>\n<td style=\"padding: 6px 10px; border: 1px solid #eee;\">2<\/td>\n<\/tr>\n<tr>\n<th style=\"text-align: left; padding: 6px 10px; border: 1px solid #eee;\">USB_TYPE_SMPH<\/th>\n<td style=\"padding: 6px 10px; border: 1px solid #eee;\">Type-C<\/td>\n<\/tr>\n<tr>\n<th style=\"text-align: left; padding: 6px 10px; border: 1px solid #eee;\">WIFI<\/th>\n<td style=\"padding: 6px 10px; border: 1px solid #eee;\">Da<\/td>\n<\/tr>\n<tr>\n<th style=\"text-align: left; padding: 6px 10px; border: 1px solid #eee;\">DIMENSION<\/th>\n<td style=\"padding: 6px 10px; border: 1px solid #eee;\">162.9 x 78.2 x 7.4 mm<\/td>\n<\/tr>\n<tr>\n<th style=\"text-align: left; padding: 6px 10px; border: 1px solid #eee;\">FPSENSOR<\/th>\n<td style=\"padding: 6px 10px; border: 1px solid #eee;\">Da<\/td>\n<\/tr>\n<tr>\n<th style=\"text-align: left; padding: 6px 10px; border: 1px solid #eee;\">MEMORY_SMPH<\/th>\n<td style=\"padding: 6px 10px; border: 1px solid #eee;\">128 GB<\/td>\n<\/tr>\n<tr>\n<th style=\"text-align: left; padding: 6px 10px; border: 1px solid #eee;\">PLAYER_SMPH<\/th>\n<td style=\"padding: 6px 10px; border: 1px solid #eee;\">Da<\/td>\n<\/tr>\n<tr>\n<th style=\"text-align: left; padding: 6px 10px; border: 1px solid #eee;\">SCREEN_SIZE_SMPH<\/th>\n<td style=\"padding: 6px 10px; border: 1px solid #eee;\">6.7&#8221;<\/td>\n<\/tr>\n<tr>\n<th style=\"text-align: left; padding: 6px 10px; border: 1px solid #eee;\">WATERRES<\/th>\n<td style=\"padding: 6px 10px; border: 1px solid #eee;\">Da<\/td>\n<\/tr>\n<tr>\n<th style=\"text-align: left; padding: 6px 10px; border: 1px solid #eee;\">CAM_MAIN_SMPH<\/th>\n<td style=\"padding: 6px 10px; border: 1px solid #eee;\">50 MP + 8 MP + 5 MP<\/td>\n<\/tr>\n<tr>\n<th style=\"text-align: left; padding: 6px 10px; border: 1px solid #eee;\">CAM_SEC_SMPH<\/th>\n<td style=\"padding: 6px 10px; border: 1px solid #eee;\">12 MP<\/td>\n<\/tr>\n<tr>\n<th style=\"text-align: left; padding: 6px 10px; border: 1px solid #eee;\">COLOR_SMPH<\/th>\n<td style=\"padding: 6px 10px; border: 1px solid #eee;\">Siva<\/td>\n<\/tr>\n<tr>\n<th style=\"text-align: left; padding: 6px 10px; border: 1px solid #eee;\">CPU_SMPH<\/th>\n<td style=\"padding: 6px 10px; border: 1px solid #eee;\">Snapdragon<\/td>\n<\/tr>\n<tr>\n<th style=\"text-align: left; padding: 6px 10px; border: 1px solid #eee;\">RAM_SMPH<\/th>\n<td style=\"padding: 6px 10px; border: 1px solid #eee;\">6 GB<\/td>\n<\/tr>\n<tr>\n<th style=\"text-align: left; padding: 6px 10px; border: 1px solid #eee;\">RESOLUTION_SMPH<\/th>\n<td style=\"padding: 6px 10px; border: 1px solid #eee;\">1080 x 2340<\/td>\n<\/tr>\n<tr>\n<th style=\"text-align: left; padding: 6px 10px; border: 1px solid #eee;\">RUGGED_SMPH<\/th>\n<td style=\"padding: 6px 10px; border: 1px solid #eee;\">Ne<\/td>\n<\/tr>\n<tr>\n<th style=\"text-align: left; padding: 6px 10px; border: 1px solid #eee;\">SCREEN_TYPE_SMPH<\/th>\n<td style=\"padding: 6px 10px; border: 1px solid #eee;\">Super AMOLED<\/td>\n<\/tr>\n<tr>\n<th style=\"text-align: left; padding: 6px 10px; border: 1px solid #eee;\">SPEED_CPU_SMPH<\/th>\n<td style=\"padding: 6px 10px; border: 1px solid #eee;\">4&#215;2.4 GHz &amp; 4&#215;1.8 GHz<\/td>\n<\/tr>\n<tr>\n<th style=\"text-align: left; padding: 6px 10px; border: 1px solid #eee;\">LTE<\/th>\n<td style=\"padding: 6px 10px; border: 1px solid #eee;\">Da<\/td>\n<\/tr>\n<tr>\n<th style=\"text-align: left; padding: 6px 10px; border: 1px solid #eee;\">MASS<\/th>\n<td style=\"padding: 6px 10px; border: 1px solid #eee;\">195g<\/td>\n<\/tr>\n<tr>\n<th style=\"text-align: left; padding: 6px 10px; border: 1px solid #eee;\">NFC<\/th>\n<td style=\"padding: 6px 10px; border: 1px solid #eee;\">Da<\/td>\n<\/tr>\n<tr>\n<th style=\"text-align: left; padding: 6px 10px; border: 1px solid #eee;\">OS_SMPH<\/th>\n<td style=\"padding: 6px 10px; border: 1px solid #eee;\">Android<\/td>\n<\/tr>\n<\/tbody>\n<\/table>\n","protected":false},"excerpt":{"rendered":"<ul class=\"KsbFXc U6u95\" data-sfc-cb=\"\" data-complete=\"true\" data-processed=\"true\">\n<li class=\"dF3vjf\" data-sfc-cb=\"\" data-hveid=\"CAEIAhAA\" data-complete=\"true\" data-sae=\"\"><span class=\"T286Pc\" data-sfc-cp=\"\" data-sfc-cb=\"\" data-complete=\"true\"><strong class=\"Yjhzub\" data-sfc-cb=\"\" data-complete=\"true\">Ekran:<\/strong>\u00a0Prostrani\u00a0<strong class=\"Yjhzub\" data-sfc-cb=\"\" data-complete=\"true\">6,7-in\u010dni<\/strong>\u00a0Super AMOLED sa osvje\u017eavanjem od\u00a0<strong class=\"Yjhzub\" data-sfc-cb=\"\" data-complete=\"true\">120 Hz<\/strong>, koji nudi vrhunski kontrast i fluidnost u odnosu na LCD ekrane.<\/span><\/li>\n<li class=\"dF3vjf\" data-sfc-cb=\"\" data-hveid=\"CAEIAhAB\" data-complete=\"true\" data-sae=\"\"><span class=\"T286Pc\" data-sfc-cp=\"\" data-sfc-cb=\"\" data-complete=\"true\"><strong class=\"Yjhzub\" data-sfc-cb=\"\" data-complete=\"true\">Memorija:<\/strong>\u00a0<strong class=\"Yjhzub\" data-sfc-cb=\"\" data-complete=\"true\">6 GB RAM-a<\/strong>\u00a0i\u00a0<strong class=\"Yjhzub\" data-sfc-cb=\"\" data-complete=\"true\">128 GB<\/strong>\u00a0interne memorije (pro\u0161irivo putem microSD kartice do 1 TB).<\/span><\/li>\n<li class=\"dF3vjf\" data-sfc-cb=\"\" data-hveid=\"CAEIAhAC\" data-complete=\"true\" data-sae=\"\"><span class=\"T286Pc\" data-sfc-cp=\"\" data-sfc-cb=\"\" data-complete=\"true\"><strong class=\"Yjhzub\" data-sfc-cb=\"\" data-complete=\"true\">Softver:<\/strong>\u00a0Pokre\u0107e ga najnoviji\u00a0<strong class=\"Yjhzub\" data-sfc-cb=\"\" data-complete=\"true\">Android 15<\/strong>\u00a0uz\u00a0<strong class=\"Yjhzub\" data-sfc-cb=\"\" data-complete=\"true\">One UI 7<\/strong>\u00a0interfejs (optimizovan za bolje animacije i nove AI funkcije).<\/span><\/li>\n<li class=\"dF3vjf\" data-sfc-cb=\"\" data-hveid=\"CAEIAhAD\" data-complete=\"true\" data-sae=\"\"><span class=\"T286Pc\" data-sfc-cp=\"\" data-sfc-cb=\"\" data-complete=\"true\"><strong class=\"Yjhzub\" data-sfc-cb=\"\" data-complete=\"true\">Kamere:<\/strong>\u00a0Napredni trostruki sistem \u2014\u00a0<strong class=\"Yjhzub\" data-sfc-cb=\"\" data-complete=\"true\">50 MP<\/strong>\u00a0(glavna sa OIS-om za stabilne snimke) +\u00a0<strong class=\"Yjhzub\" data-sfc-cb=\"\" data-complete=\"true\">8 MP<\/strong>\u00a0(ultra-\u0161iroka) +\u00a0<strong class=\"Yjhzub\" data-sfc-cb=\"\" data-complete=\"true\">5 MP<\/strong>\u00a0(makro); naprijed se nalazi pobolj\u0161ana\u00a0<strong class=\"Yjhzub\" data-sfc-cb=\"\" data-complete=\"true\">12 MP<\/strong>\u00a0selfie kamera.<\/span><\/li>\n<li class=\"dF3vjf\" data-sfc-cb=\"\" data-hveid=\"CAEIAhAE\" data-complete=\"true\" data-sae=\"\"><span class=\"T286Pc\" data-sfc-cp=\"\" data-sfc-cb=\"\" data-complete=\"true\"><strong class=\"Yjhzub\" data-sfc-cb=\"\" data-complete=\"true\">Boja:<\/strong>\u00a0<strong class=\"Yjhzub\" data-sfc-cb=\"\" data-complete=\"true\">Gray (Siva)<\/strong>\u00a0\u2013 moderna, neutralna nijansa sa mat zavr\u0161nom obradom koja je otporna na otiske prstiju.<\/span><\/li>\n<li class=\"dF3vjf\" data-sfc-cb=\"\" data-hveid=\"CAEIAhAF\" data-complete=\"true\" data-sae=\"\"><span class=\"T286Pc\" data-sfc-cp=\"\" data-sfc-cb=\"\" data-complete=\"true\"><strong class=\"Yjhzub\" data-sfc-cb=\"\" data-complete=\"true\">Izdr\u017eljivost:<\/strong>\u00a0Posjeduje\u00a0<strong class=\"Yjhzub\" data-sfc-cb=\"\" data-complete=\"true\">IP67<\/strong>\u00a0certifikat otpornosti na vodu i pra\u0161inu.<\/span><\/li>\n<li class=\"dF3vjf\" data-sfc-cb=\"\" data-hveid=\"CAEIAhAG\" data-complete=\"true\" data-sae=\"\"><span class=\"T286Pc\" data-sfc-cp=\"\" data-sfc-cb=\"\" data-complete=\"true\" aria-owns=\"action-menu-parent-container\"><strong class=\"Yjhzub\" data-sfc-cb=\"\" data-complete=\"true\">Dugovje\u010dnost:<\/strong>\u00a0Samsung garantuje \u010dak\u00a0<strong class=\"Yjhzub\" data-sfc-cb=\"\" data-complete=\"true\">6 godina<\/strong>\u00a0softverskih a\u017euriranja, \u0161to ovaj model \u010dini dugoro\u010dno isplativim.<\/span><\/li>\n<li data-sfc-cb=\"\" data-hveid=\"CAEIAhAG\" data-complete=\"true\" data-sae=\"\"><strong>Garancija<\/strong>: 2 godine<\/li>\n<\/ul>\n","protected":false},"featured_media":41329,"template":"","meta":[],"product_cat":[560,475],"product_tag":[],"class_list":{"0":"post-41328","1":"product","2":"type-product","3":"status-publish","4":"has-post-thumbnail","6":"product_cat-brend-samsung","7":"product_cat-ct-smartphone","8":"pa_brend-samsung","10":"first","11":"instock","12":"shipping-taxable","13":"purchasable","14":"product-type-simple"},"_links":{"self":[{"href":"https:\/\/techstore.ba\/shop\/wp-json\/wp\/v2\/product\/41328","targetHints":{"allow":["GET"]}}],"collection":[{"href":"https:\/\/techstore.ba\/shop\/wp-json\/wp\/v2\/product"}],"about":[{"href":"https:\/\/techstore.ba\/shop\/wp-json\/wp\/v2\/types\/product"}],"wp:featuredmedia":[{"embeddable":true,"href":"https:\/\/techstore.ba\/shop\/wp-json\/wp\/v2\/media\/41329"}],"wp:attachment":[{"href":"https:\/\/techstore.ba\/shop\/wp-json\/wp\/v2\/media?parent=41328"}],"wp:term":[{"taxonomy":"product_cat","embeddable":true,"href":"https:\/\/techstore.ba\/shop\/wp-json\/wp\/v2\/product_cat?post=41328"},{"taxonomy":"product_tag","embeddable":true,"href":"https:\/\/techstore.ba\/shop\/wp-json\/wp\/v2\/product_tag?post=41328"}],"curies":[{"name":"wp","href":"https:\/\/api.w.org\/{rel}","templated":true}]}}