{"id":32439,"date":"2026-02-02T18:54:41","date_gmt":"2026-02-02T17:54:41","guid":{"rendered":"https:\/\/techstore.ba\/shop\/product\/tesla-usisivac-bgl501netesla-usisivac-bgl501ne\/"},"modified":"2026-03-03T04:23:25","modified_gmt":"2026-03-03T03:23:25","slug":"tesla-usisivac-bgl501netesla-usisivac-bgl501ne","status":"publish","type":"product","link":"https:\/\/techstore.ba\/shop\/product\/tesla-usisivac-bgl501netesla-usisivac-bgl501ne\/","title":{"rendered":"TESLA Usisiva\u010d BGL501NETESLA Usisiva\u010d BGL501NE"},"content":{"rendered":"","protected":false},"excerpt":{"rendered":"<p>TESLA usisiva\u010d BGL501NE, snaga 2000W, nivo buke 87dB, bez kesa i bez pra\u0161ine, multi-cyclone tehnologija, hepa sistem filtracije, metalna teleskopska cijev, termi\u010dka za\u0161tita motora<\/p>\n","protected":false},"featured_media":32440,"template":"","meta":[],"product_cat":[845,721],"product_tag":[],"class_list":{"0":"post-32439","1":"product","2":"type-product","3":"status-publish","4":"has-post-thumbnail","6":"product_cat-brend-tesla","7":"product_cat-ct-usisivaci","8":"pa_brend-tesla","10":"first","11":"outofstock","12":"shipping-taxable","13":"purchasable","14":"product-type-simple"},"_links":{"self":[{"href":"https:\/\/techstore.ba\/shop\/wp-json\/wp\/v2\/product\/32439","targetHints":{"allow":["GET"]}}],"collection":[{"href":"https:\/\/techstore.ba\/shop\/wp-json\/wp\/v2\/product"}],"about":[{"href":"https:\/\/techstore.ba\/shop\/wp-json\/wp\/v2\/types\/product"}],"wp:featuredmedia":[{"embeddable":true,"href":"https:\/\/techstore.ba\/shop\/wp-json\/wp\/v2\/media\/32440"}],"wp:attachment":[{"href":"https:\/\/techstore.ba\/shop\/wp-json\/wp\/v2\/media?parent=32439"}],"wp:term":[{"taxonomy":"product_cat","embeddable":true,"href":"https:\/\/techstore.ba\/shop\/wp-json\/wp\/v2\/product_cat?post=32439"},{"taxonomy":"product_tag","embeddable":true,"href":"https:\/\/techstore.ba\/shop\/wp-json\/wp\/v2\/product_tag?post=32439"}],"curies":[{"name":"wp","href":"https:\/\/api.w.org\/{rel}","templated":true}]}}