{"id":32382,"date":"2026-02-02T18:53:40","date_gmt":"2026-02-02T17:53:40","guid":{"rendered":"https:\/\/techstore.ba\/shop\/product\/rowenta-robot-usisivac-75s\/"},"modified":"2026-03-03T04:23:25","modified_gmt":"2026-03-03T03:23:25","slug":"rowenta-robot-usisivac-75s","status":"publish","type":"product","link":"https:\/\/techstore.ba\/shop\/product\/rowenta-robot-usisivac-75s\/","title":{"rendered":"Rowenta robot usisiva\u010d 75S"},"content":{"rendered":"<h3>Specifikacije<\/h3>\n<table style=\"border-collapse:collapse;width:100%;\">\n<tr>\n<th style=\"text-align:left;padding:6px 10px;border:1px solid #eee;\">COLOR_VACCL<\/th>\n<td style=\"padding:6px 10px;border:1px solid #eee;\">Bijela<\/td>\n<\/tr>\n<tr>\n<th style=\"text-align:left;padding:6px 10px;border:1px solid #eee;\">TYPE_VACCL<\/th>\n<td style=\"padding:6px 10px;border:1px solid #eee;\">Robot<\/td>\n<\/tr>\n<tr>\n<th style=\"text-align:left;padding:6px 10px;border:1px solid #eee;\">POWER_VACCL<\/th>\n<td style=\"padding:6px 10px;border:1px solid #eee;\">N\/R<\/td>\n<\/tr>\n<\/table>\n","protected":false},"excerpt":{"rendered":"<p>Rowenta X-plorer 75 S White robot usisiva\u010d.4-u-1 \u010di\u0161\u0107enje za skupljanje pra\u0161ine,metenje,brisanje i \u010detkanje.Smart Aqua Power sistem.Baterija  do 120  min, dovoljna za 120 m2.Personalizirano \u010di\u0161\u0107enje.Prelaz prepreka  do 18mm visine.<\/p>\n","protected":false},"featured_media":32383,"template":"","meta":[],"product_cat":[563,721],"product_tag":[],"class_list":{"0":"post-32382","1":"product","2":"type-product","3":"status-publish","4":"has-post-thumbnail","6":"product_cat-brend-rowenta","7":"product_cat-ct-usisivaci","8":"pa_brend-usisivaci","10":"first","11":"instock","12":"shipping-taxable","13":"purchasable","14":"product-type-simple"},"_links":{"self":[{"href":"https:\/\/techstore.ba\/shop\/wp-json\/wp\/v2\/product\/32382","targetHints":{"allow":["GET"]}}],"collection":[{"href":"https:\/\/techstore.ba\/shop\/wp-json\/wp\/v2\/product"}],"about":[{"href":"https:\/\/techstore.ba\/shop\/wp-json\/wp\/v2\/types\/product"}],"wp:featuredmedia":[{"embeddable":true,"href":"https:\/\/techstore.ba\/shop\/wp-json\/wp\/v2\/media\/32383"}],"wp:attachment":[{"href":"https:\/\/techstore.ba\/shop\/wp-json\/wp\/v2\/media?parent=32382"}],"wp:term":[{"taxonomy":"product_cat","embeddable":true,"href":"https:\/\/techstore.ba\/shop\/wp-json\/wp\/v2\/product_cat?post=32382"},{"taxonomy":"product_tag","embeddable":true,"href":"https:\/\/techstore.ba\/shop\/wp-json\/wp\/v2\/product_tag?post=32382"}],"curies":[{"name":"wp","href":"https:\/\/api.w.org\/{rel}","templated":true}]}}