{"id":32376,"date":"2026-02-02T18:53:24","date_gmt":"2026-02-02T17:53:24","guid":{"rendered":"https:\/\/techstore.ba\/shop\/product\/rowenta-robot-usisivac-s70\/"},"modified":"2026-02-17T00:29:35","modified_gmt":"2026-02-16T23:29:35","slug":"rowenta-robot-usisivac-s70","status":"publish","type":"product","link":"https:\/\/techstore.ba\/shop\/product\/rowenta-robot-usisivac-s70\/","title":{"rendered":"Rowenta robot usisiva\u010d S70"},"content":{"rendered":"<h3>Specifikacije<\/h3>\n<table style=\"border-collapse:collapse;width:100%;\">\n<tr>\n<th style=\"text-align:left;padding:6px 10px;border:1px solid #eee;\">COLOR_VACCL<\/th>\n<td style=\"padding:6px 10px;border:1px solid #eee;\">Bijela<\/td>\n<\/tr>\n<tr>\n<th style=\"text-align:left;padding:6px 10px;border:1px solid #eee;\">POWER_VACCL<\/th>\n<td style=\"padding:6px 10px;border:1px solid #eee;\">1500<\/td>\n<\/tr>\n<tr>\n<th style=\"text-align:left;padding:6px 10px;border:1px solid #eee;\">TYPE_VACCL<\/th>\n<td style=\"padding:6px 10px;border:1px solid #eee;\">Robot<\/td>\n<\/tr>\n<\/table>\n","protected":false},"excerpt":{"rendered":"<p>ROBOT X-PLORER S70 ANIMAL&#038;ALLERGY Robot usisava\u010d s laserskom tehnologijom za metodi\u010dno \u010di\u0161\u0107enje \u0161irokog raspona i trajnom mapom, Smart Aqua Power Sistem, WiFi kontra<\/p>\n","protected":false},"featured_media":32377,"template":"","meta":[],"product_cat":[563,721],"product_tag":[],"class_list":{"0":"post-32376","1":"product","2":"type-product","3":"status-publish","4":"has-post-thumbnail","6":"product_cat-brend-rowenta","7":"product_cat-ct-usisivaci","8":"pa_brend-usisivaci","10":"first","11":"outofstock","12":"shipping-taxable","13":"purchasable","14":"product-type-simple"},"_links":{"self":[{"href":"https:\/\/techstore.ba\/shop\/wp-json\/wp\/v2\/product\/32376","targetHints":{"allow":["GET"]}}],"collection":[{"href":"https:\/\/techstore.ba\/shop\/wp-json\/wp\/v2\/product"}],"about":[{"href":"https:\/\/techstore.ba\/shop\/wp-json\/wp\/v2\/types\/product"}],"wp:featuredmedia":[{"embeddable":true,"href":"https:\/\/techstore.ba\/shop\/wp-json\/wp\/v2\/media\/32377"}],"wp:attachment":[{"href":"https:\/\/techstore.ba\/shop\/wp-json\/wp\/v2\/media?parent=32376"}],"wp:term":[{"taxonomy":"product_cat","embeddable":true,"href":"https:\/\/techstore.ba\/shop\/wp-json\/wp\/v2\/product_cat?post=32376"},{"taxonomy":"product_tag","embeddable":true,"href":"https:\/\/techstore.ba\/shop\/wp-json\/wp\/v2\/product_tag?post=32376"}],"curies":[{"name":"wp","href":"https:\/\/api.w.org\/{rel}","templated":true}]}}