{"id":32358,"date":"2026-02-02T18:52:48","date_gmt":"2026-02-02T17:52:48","guid":{"rendered":"https:\/\/techstore.ba\/shop\/product\/rowenta-usisivac-compact-p-xxlcompact-power-xxl-900w-animal-care\/"},"modified":"2026-02-04T09:15:44","modified_gmt":"2026-02-04T08:15:44","slug":"rowenta-usisivac-compact-p-xxlcompact-power-xxl-900w-animal-care","status":"publish","type":"product","link":"https:\/\/techstore.ba\/shop\/product\/rowenta-usisivac-compact-p-xxlcompact-power-xxl-900w-animal-care\/","title":{"rendered":"Rowenta usisiva\u010d Compact P.XXLCompact Power  XXL, 900W, animal care"},"content":{"rendered":"<h3>Specifikacije<\/h3>\n<table style=\"border-collapse:collapse;width:100%;\">\n<tr>\n<th style=\"text-align:left;padding:6px 10px;border:1px solid #eee;\">POWER_VACCL<\/th>\n<td style=\"padding:6px 10px;border:1px solid #eee;\">N\/R<\/td>\n<\/tr>\n<tr>\n<th style=\"text-align:left;padding:6px 10px;border:1px solid #eee;\">COLOR_VACCL<\/th>\n<td style=\"padding:6px 10px;border:1px solid #eee;\">Crvena<\/td>\n<\/tr>\n<tr>\n<th style=\"text-align:left;padding:6px 10px;border:1px solid #eee;\">TYPE_VACCL<\/th>\n<td style=\"padding:6px 10px;border:1px solid #eee;\">Sa posudom<\/td>\n<\/tr>\n<\/table>\n","protected":false},"excerpt":{"rendered":"<p>Rowenta usisiva\u010d Compact  Power  XXL. 900W energetske efikasnosti, 2.5 L kapacitet spremnika.3 nivoa filtracije,preko 99.98% u\u010dinkovitost otklanjanja \u010destica.Boja crvena<\/p>\n","protected":false},"featured_media":32360,"template":"","meta":[],"product_cat":[15],"product_tag":[],"class_list":{"0":"post-32358","1":"product","2":"type-product","3":"status-publish","4":"has-post-thumbnail","6":"product_cat-uncategorized","7":"pa_brend-uncategorized","9":"first","10":"outofstock","11":"shipping-taxable","12":"purchasable","13":"product-type-simple"},"_links":{"self":[{"href":"https:\/\/techstore.ba\/shop\/wp-json\/wp\/v2\/product\/32358","targetHints":{"allow":["GET"]}}],"collection":[{"href":"https:\/\/techstore.ba\/shop\/wp-json\/wp\/v2\/product"}],"about":[{"href":"https:\/\/techstore.ba\/shop\/wp-json\/wp\/v2\/types\/product"}],"wp:featuredmedia":[{"embeddable":true,"href":"https:\/\/techstore.ba\/shop\/wp-json\/wp\/v2\/media\/32360"}],"wp:attachment":[{"href":"https:\/\/techstore.ba\/shop\/wp-json\/wp\/v2\/media?parent=32358"}],"wp:term":[{"taxonomy":"product_cat","embeddable":true,"href":"https:\/\/techstore.ba\/shop\/wp-json\/wp\/v2\/product_cat?post=32358"},{"taxonomy":"product_tag","embeddable":true,"href":"https:\/\/techstore.ba\/shop\/wp-json\/wp\/v2\/product_tag?post=32358"}],"curies":[{"name":"wp","href":"https:\/\/api.w.org\/{rel}","templated":true}]}}