{"id":32342,"date":"2026-02-02T18:52:28","date_gmt":"2026-02-02T17:52:28","guid":{"rendered":"https:\/\/techstore.ba\/shop\/product\/rowenta-st-usisivac-13-60\/"},"modified":"2026-03-03T04:23:24","modified_gmt":"2026-03-03T03:23:24","slug":"rowenta-st-usisivac-13-60","status":"publish","type":"product","link":"https:\/\/techstore.ba\/shop\/product\/rowenta-st-usisivac-13-60\/","title":{"rendered":"Rowenta \u0161t. usisiva\u010d 13.60"},"content":{"rendered":"<h3>Specifikacije<\/h3>\n<table style=\"border-collapse:collapse;width:100%;\">\n<tr>\n<th style=\"text-align:left;padding:6px 10px;border:1px solid #eee;\">COLOR_VACCL<\/th>\n<td style=\"padding:6px 10px;border:1px solid #eee;\">Teget<\/td>\n<\/tr>\n<tr>\n<th style=\"text-align:left;padding:6px 10px;border:1px solid #eee;\">POWER_VACCL<\/th>\n<td style=\"padding:6px 10px;border:1px solid #eee;\">150<\/td>\n<\/tr>\n<tr>\n<th style=\"text-align:left;padding:6px 10px;border:1px solid #eee;\">TYPE_VACCL<\/th>\n<td style=\"padding:6px 10px;border:1px solid #eee;\">\u0160tapni<\/td>\n<\/tr>\n<\/table>\n","protected":false},"excerpt":{"rendered":"<p>X-Force 13.60 Animal Aero, Be\u017ei\u010dni \u0161tapni usisiva\u010d sa 150 air wati i novom motoriziranom \u010detkom za dubinsko \u010di\u0161\u0107enje &#8211; \u010dak i tepiha, Dugotrajna odvojiva baterija za vrijeme rada do 60 minuta<\/p>\n","protected":false},"featured_media":32344,"template":"","meta":[],"product_cat":[563,721],"product_tag":[],"class_list":{"0":"post-32342","1":"product","2":"type-product","3":"status-publish","4":"has-post-thumbnail","6":"product_cat-brend-rowenta","7":"product_cat-ct-usisivaci","8":"pa_brend-usisivaci","10":"first","11":"instock","12":"shipping-taxable","13":"purchasable","14":"product-type-simple"},"_links":{"self":[{"href":"https:\/\/techstore.ba\/shop\/wp-json\/wp\/v2\/product\/32342","targetHints":{"allow":["GET"]}}],"collection":[{"href":"https:\/\/techstore.ba\/shop\/wp-json\/wp\/v2\/product"}],"about":[{"href":"https:\/\/techstore.ba\/shop\/wp-json\/wp\/v2\/types\/product"}],"wp:featuredmedia":[{"embeddable":true,"href":"https:\/\/techstore.ba\/shop\/wp-json\/wp\/v2\/media\/32344"}],"wp:attachment":[{"href":"https:\/\/techstore.ba\/shop\/wp-json\/wp\/v2\/media?parent=32342"}],"wp:term":[{"taxonomy":"product_cat","embeddable":true,"href":"https:\/\/techstore.ba\/shop\/wp-json\/wp\/v2\/product_cat?post=32342"},{"taxonomy":"product_tag","embeddable":true,"href":"https:\/\/techstore.ba\/shop\/wp-json\/wp\/v2\/product_tag?post=32342"}],"curies":[{"name":"wp","href":"https:\/\/api.w.org\/{rel}","templated":true}]}}