{"id":32329,"date":"2026-02-02T18:52:14","date_gmt":"2026-02-02T17:52:14","guid":{"rendered":"https:\/\/techstore.ba\/shop\/product\/rowenta-st-usisivac-12-60\/"},"modified":"2026-03-03T04:23:24","modified_gmt":"2026-03-03T03:23:24","slug":"rowenta-st-usisivac-12-60","status":"publish","type":"product","link":"https:\/\/techstore.ba\/shop\/product\/rowenta-st-usisivac-12-60\/","title":{"rendered":"Rowenta \u0161t.usisiva\u010d 12.60"},"content":{"rendered":"<h3>Specifikacije<\/h3>\n<table style=\"border-collapse:collapse;width:100%;\">\n<tr>\n<th style=\"text-align:left;padding:6px 10px;border:1px solid #eee;\">COLOR_VACCL<\/th>\n<td style=\"padding:6px 10px;border:1px solid #eee;\">Crna<\/td>\n<\/tr>\n<tr>\n<th style=\"text-align:left;padding:6px 10px;border:1px solid #eee;\">POWER_VACCL<\/th>\n<td style=\"padding:6px 10px;border:1px solid #eee;\">150<\/td>\n<\/tr>\n<tr>\n<th style=\"text-align:left;padding:6px 10px;border:1px solid #eee;\">TYPE_VACCL<\/th>\n<td style=\"padding:6px 10px;border:1px solid #eee;\">\u0160tapni<\/td>\n<\/tr>\n<\/table>\n","protected":false},"excerpt":{"rendered":"<p>Rowenta X-Force Flex 12.60 Aqua \u0161tapni usisiva\u010d.Usisna snaga do 150W.Autonomija  baterije do 45 min.2-u-1 brisanje i skupljanje pra\u0161ine,auto pode\u0161avanje snage  prema podlozi  poda,Smart Control display.<\/p>\n","protected":false},"featured_media":32330,"template":"","meta":[],"product_cat":[563,721],"product_tag":[],"class_list":{"0":"post-32329","1":"product","2":"type-product","3":"status-publish","4":"has-post-thumbnail","6":"product_cat-brend-rowenta","7":"product_cat-ct-usisivaci","8":"pa_brend-usisivaci","10":"first","11":"instock","12":"shipping-taxable","13":"purchasable","14":"product-type-simple"},"_links":{"self":[{"href":"https:\/\/techstore.ba\/shop\/wp-json\/wp\/v2\/product\/32329","targetHints":{"allow":["GET"]}}],"collection":[{"href":"https:\/\/techstore.ba\/shop\/wp-json\/wp\/v2\/product"}],"about":[{"href":"https:\/\/techstore.ba\/shop\/wp-json\/wp\/v2\/types\/product"}],"wp:featuredmedia":[{"embeddable":true,"href":"https:\/\/techstore.ba\/shop\/wp-json\/wp\/v2\/media\/32330"}],"wp:attachment":[{"href":"https:\/\/techstore.ba\/shop\/wp-json\/wp\/v2\/media?parent=32329"}],"wp:term":[{"taxonomy":"product_cat","embeddable":true,"href":"https:\/\/techstore.ba\/shop\/wp-json\/wp\/v2\/product_cat?post=32329"},{"taxonomy":"product_tag","embeddable":true,"href":"https:\/\/techstore.ba\/shop\/wp-json\/wp\/v2\/product_tag?post=32329"}],"curies":[{"name":"wp","href":"https:\/\/api.w.org\/{rel}","templated":true}]}}