{"id":32190,"date":"2026-02-02T18:48:14","date_gmt":"2026-02-02T17:48:14","guid":{"rendered":"https:\/\/techstore.ba\/shop\/product\/trust-gemi-2-0-set-zvucnika-rgb\/"},"modified":"2026-04-04T11:57:44","modified_gmt":"2026-04-04T09:57:44","slug":"trust-gemi-2-0-set-zvucnika-rgb","status":"publish","type":"product","link":"https:\/\/techstore.ba\/shop\/product\/trust-gemi-2-0-set-zvucnika-rgb\/","title":{"rendered":"Trust Gemi 2.0 set zvu\u010dnika RGB"},"content":{"rendered":"<h3>Specifikacije<\/h3>\n<table style=\"border-collapse:collapse;width:100%\">\n<tr>\n<th style=\"text-align:left;padding:6px 10px;border:1px solid #eee\">CASE_AVZV<\/th>\n<td style=\"padding:6px 10px;border:1px solid #eee\">Plastika<\/td>\n<\/tr>\n<tr>\n<th style=\"text-align:left;padding:6px 10px;border:1px solid #eee\">COLOR_AV<\/th>\n<td style=\"padding:6px 10px;border:1px solid #eee\">Black with RGB lights<\/td>\n<\/tr>\n<tr>\n<th style=\"text-align:left;padding:6px 10px;border:1px solid #eee\">CONN_AVZV<\/th>\n<td style=\"padding:6px 10px;border:1px solid #eee\">3,5mm + USB<\/td>\n<\/tr>\n<tr>\n<th style=\"text-align:left;padding:6px 10px;border:1px solid #eee\">PSU_AV<\/th>\n<td style=\"padding:6px 10px;border:1px solid #eee\">Power output (peak) 12 W, Power output (RMS) 6 W<\/td>\n<\/tr>\n<tr>\n<th style=\"text-align:left;padding:6px 10px;border:1px solid #eee\">PSU_AVZV<\/th>\n<td style=\"padding:6px 10px;border:1px solid #eee\">USB<\/td>\n<\/tr>\n<tr>\n<th style=\"text-align:left;padding:6px 10px;border:1px solid #eee\">SPK_POWER<\/th>\n<td style=\"padding:6px 10px;border:1px solid #eee\">12W<\/td>\n<\/tr>\n<tr>\n<th style=\"text-align:left;padding:6px 10px;border:1px solid #eee\">SPK_TYPE<\/th>\n<td style=\"padding:6px 10px;border:1px solid #eee\">2.0<\/td>\n<\/tr>\n<tr>\n<th style=\"text-align:left;padding:6px 10px;border:1px solid #eee\">TYPE_AVZV<\/th>\n<td style=\"padding:6px 10px;border:1px solid #eee\">Aktivni<\/td>\n<\/tr>\n<\/table>\n","protected":false},"excerpt":{"rendered":"<p>Trust Gemi RGB 2.0 set zvu\u010dnika, crni. Kompaktni set zvu\u010dnika sa elegantnim dizajnom i RGB LED osvjetljenjem, 12 W, 3.5 mm audio input, du\u017eina napojnog i audio kabla 1,4 m.<\/p>\n","protected":false},"featured_media":32191,"template":"","meta":[],"product_cat":[530],"product_tag":[],"class_list":{"0":"post-32190","1":"product","2":"type-product","3":"status-publish","4":"has-post-thumbnail","6":"product_cat-ct-zvucnici","7":"pa_brend-zvucnici","9":"first","10":"instock","11":"shipping-taxable","12":"purchasable","13":"product-type-simple"},"_links":{"self":[{"href":"https:\/\/techstore.ba\/shop\/wp-json\/wp\/v2\/product\/32190","targetHints":{"allow":["GET"]}}],"collection":[{"href":"https:\/\/techstore.ba\/shop\/wp-json\/wp\/v2\/product"}],"about":[{"href":"https:\/\/techstore.ba\/shop\/wp-json\/wp\/v2\/types\/product"}],"wp:featuredmedia":[{"embeddable":true,"href":"https:\/\/techstore.ba\/shop\/wp-json\/wp\/v2\/media\/32191"}],"wp:attachment":[{"href":"https:\/\/techstore.ba\/shop\/wp-json\/wp\/v2\/media?parent=32190"}],"wp:term":[{"taxonomy":"product_cat","embeddable":true,"href":"https:\/\/techstore.ba\/shop\/wp-json\/wp\/v2\/product_cat?post=32190"},{"taxonomy":"product_tag","embeddable":true,"href":"https:\/\/techstore.ba\/shop\/wp-json\/wp\/v2\/product_tag?post=32190"}],"curies":[{"name":"wp","href":"https:\/\/api.w.org\/{rel}","templated":true}]}}