{"id":32166,"date":"2026-02-02T18:47:34","date_gmt":"2026-02-02T17:47:34","guid":{"rendered":"https:\/\/techstore.ba\/shop\/product\/trust-remo-2-0-set-zvucnika\/"},"modified":"2026-03-19T15:38:39","modified_gmt":"2026-03-19T14:38:39","slug":"trust-remo-2-0-set-zvucnika","status":"publish","type":"product","link":"https:\/\/techstore.ba\/shop\/product\/trust-remo-2-0-set-zvucnika\/","title":{"rendered":"Trust Remo 2.0 set zvu\u010dnika"},"content":{"rendered":"<h3>Specifikacije<\/h3>\n<table style=\"border-collapse:collapse;width:100%\">\n<tr>\n<th style=\"text-align:left;padding:6px 10px;border:1px solid #eee\">PSU_AV<\/th>\n<td style=\"padding:6px 10px;border:1px solid #eee\">16W\/8W<\/td>\n<\/tr>\n<tr>\n<th style=\"text-align:left;padding:6px 10px;border:1px solid #eee\">TYPE_AVZV<\/th>\n<td style=\"padding:6px 10px;border:1px solid #eee\">Aktivni<\/td>\n<\/tr>\n<tr>\n<th style=\"text-align:left;padding:6px 10px;border:1px solid #eee\">COLOR_AV<\/th>\n<td style=\"padding:6px 10px;border:1px solid #eee\">Crna<\/td>\n<\/tr>\n<tr>\n<th style=\"text-align:left;padding:6px 10px;border:1px solid #eee\">CONN_AVZV<\/th>\n<td style=\"padding:6px 10px;border:1px solid #eee\">USB<\/td>\n<\/tr>\n<tr>\n<th style=\"text-align:left;padding:6px 10px;border:1px solid #eee\">PSU_AVZV<\/th>\n<td style=\"padding:6px 10px;border:1px solid #eee\">USB<\/td>\n<\/tr>\n<\/table>\n","protected":false},"excerpt":{"rendered":"<p>Trust Remo 2.0 set zvu\u010dnika, \u017ei\u010dni, snaga 16W, USB konektor.<\/p>\n","protected":false},"featured_media":32167,"template":"","meta":[],"product_cat":[553,530],"product_tag":[],"class_list":{"0":"post-32166","1":"product","2":"type-product","3":"status-publish","4":"has-post-thumbnail","6":"product_cat-brend-trust","7":"product_cat-ct-zvucnici","8":"pa_brend-zvucnici","10":"first","11":"instock","12":"shipping-taxable","13":"purchasable","14":"product-type-simple"},"_links":{"self":[{"href":"https:\/\/techstore.ba\/shop\/wp-json\/wp\/v2\/product\/32166","targetHints":{"allow":["GET"]}}],"collection":[{"href":"https:\/\/techstore.ba\/shop\/wp-json\/wp\/v2\/product"}],"about":[{"href":"https:\/\/techstore.ba\/shop\/wp-json\/wp\/v2\/types\/product"}],"wp:featuredmedia":[{"embeddable":true,"href":"https:\/\/techstore.ba\/shop\/wp-json\/wp\/v2\/media\/32167"}],"wp:attachment":[{"href":"https:\/\/techstore.ba\/shop\/wp-json\/wp\/v2\/media?parent=32166"}],"wp:term":[{"taxonomy":"product_cat","embeddable":true,"href":"https:\/\/techstore.ba\/shop\/wp-json\/wp\/v2\/product_cat?post=32166"},{"taxonomy":"product_tag","embeddable":true,"href":"https:\/\/techstore.ba\/shop\/wp-json\/wp\/v2\/product_tag?post=32166"}],"curies":[{"name":"wp","href":"https:\/\/api.w.org\/{rel}","templated":true}]}}