{"id":32149,"date":"2026-02-02T18:47:10","date_gmt":"2026-02-02T17:47:10","guid":{"rendered":"https:\/\/techstore.ba\/shop\/product\/trust-gxt871-zora-mehanickagaming-tastatura-us-layout\/"},"modified":"2026-04-04T11:52:57","modified_gmt":"2026-04-04T09:52:57","slug":"trust-gxt871-zora-mehanickagaming-tastatura-us-layout","status":"publish","type":"product","link":"https:\/\/techstore.ba\/shop\/product\/trust-gxt871-zora-mehanickagaming-tastatura-us-layout\/","title":{"rendered":"Trust GXT871 Zora mehani\u010dkagaming tastatura, US layout"},"content":{"rendered":"<h3>Specifikacije<\/h3>\n<table style=\"border-collapse:collapse;width:100%;\">\n<tr>\n<th style=\"text-align:left;padding:6px 10px;border:1px solid #eee;\">CABLE_KB<\/th>\n<td style=\"padding:6px 10px;border:1px solid #eee;\">1,8m<\/td>\n<\/tr>\n<tr>\n<th style=\"text-align:left;padding:6px 10px;border:1px solid #eee;\">CONN_KB<\/th>\n<td style=\"padding:6px 10px;border:1px solid #eee;\">USB<\/td>\n<\/tr>\n<tr>\n<th style=\"text-align:left;padding:6px 10px;border:1px solid #eee;\">LOC_KB<\/th>\n<td style=\"padding:6px 10px;border:1px solid #eee;\">EN<\/td>\n<\/tr>\n<tr>\n<th style=\"text-align:left;padding:6px 10px;border:1px solid #eee;\">NUM_KB<\/th>\n<td style=\"padding:6px 10px;border:1px solid #eee;\">Da<\/td>\n<\/tr>\n<tr>\n<th style=\"text-align:left;padding:6px 10px;border:1px solid #eee;\">POVEZ_KB<\/th>\n<td style=\"padding:6px 10px;border:1px solid #eee;\">\u017di\u010dna<\/td>\n<\/tr>\n<\/table>\n","protected":false},"excerpt":{"rendered":"<p>Trust GXT871 Zora mehani\u010dka gaming tastatura, US layout, \u017ei\u010dana, USB-A<\/p>\n","protected":false},"featured_media":32150,"template":"","meta":[],"product_cat":[1015,1017,506,553],"product_tag":[],"class_list":{"0":"post-32149","1":"product","2":"type-product","3":"status-publish","4":"has-post-thumbnail","6":"product_cat-gaming-periferija","7":"product_cat-gaming-tastature","8":"product_cat-ct-tastature","9":"product_cat-brend-trust","10":"pa_brend-tastature","12":"first","13":"instock","14":"shipping-taxable","15":"purchasable","16":"product-type-simple"},"_links":{"self":[{"href":"https:\/\/techstore.ba\/shop\/wp-json\/wp\/v2\/product\/32149","targetHints":{"allow":["GET"]}}],"collection":[{"href":"https:\/\/techstore.ba\/shop\/wp-json\/wp\/v2\/product"}],"about":[{"href":"https:\/\/techstore.ba\/shop\/wp-json\/wp\/v2\/types\/product"}],"wp:featuredmedia":[{"embeddable":true,"href":"https:\/\/techstore.ba\/shop\/wp-json\/wp\/v2\/media\/32150"}],"wp:attachment":[{"href":"https:\/\/techstore.ba\/shop\/wp-json\/wp\/v2\/media?parent=32149"}],"wp:term":[{"taxonomy":"product_cat","embeddable":true,"href":"https:\/\/techstore.ba\/shop\/wp-json\/wp\/v2\/product_cat?post=32149"},{"taxonomy":"product_tag","embeddable":true,"href":"https:\/\/techstore.ba\/shop\/wp-json\/wp\/v2\/product_tag?post=32149"}],"curies":[{"name":"wp","href":"https:\/\/api.w.org\/{rel}","templated":true}]}}