{"id":31956,"date":"2026-02-02T18:44:38","date_gmt":"2026-02-02T17:44:38","guid":{"rendered":"https:\/\/techstore.ba\/shop\/product\/genius-scorpionk7-tastatura-gaming-zicana-tastatura\/"},"modified":"2026-04-04T11:52:56","modified_gmt":"2026-04-04T09:52:56","slug":"genius-scorpionk7-tastatura-gaming-zicana-tastatura","status":"publish","type":"product","link":"https:\/\/techstore.ba\/shop\/product\/genius-scorpionk7-tastatura-gaming-zicana-tastatura\/","title":{"rendered":"Genius ScorpionK7 tastatura, Gaming, \u017ei\u010dana tastatura"},"content":{"rendered":"","protected":false},"excerpt":{"rendered":"<p>Genius ScorpionK7 tastatura, AI,BLK,SER,USB, \u017ei\u010dana, RBG , du\u017eina kabla 1.8m,<\/p>\n","protected":false},"featured_media":49438,"template":"","meta":[],"product_cat":[1015,1017,595,506],"product_tag":[],"class_list":{"0":"post-31956","1":"product","2":"type-product","3":"status-publish","4":"has-post-thumbnail","6":"product_cat-gaming-periferija","7":"product_cat-gaming-tastature","8":"product_cat-brend-genius","9":"product_cat-ct-tastature","10":"pa_brend-tastature","12":"first","13":"instock","14":"shipping-taxable","15":"purchasable","16":"product-type-simple"},"_links":{"self":[{"href":"https:\/\/techstore.ba\/shop\/wp-json\/wp\/v2\/product\/31956","targetHints":{"allow":["GET"]}}],"collection":[{"href":"https:\/\/techstore.ba\/shop\/wp-json\/wp\/v2\/product"}],"about":[{"href":"https:\/\/techstore.ba\/shop\/wp-json\/wp\/v2\/types\/product"}],"wp:featuredmedia":[{"embeddable":true,"href":"https:\/\/techstore.ba\/shop\/wp-json\/wp\/v2\/media\/49438"}],"wp:attachment":[{"href":"https:\/\/techstore.ba\/shop\/wp-json\/wp\/v2\/media?parent=31956"}],"wp:term":[{"taxonomy":"product_cat","embeddable":true,"href":"https:\/\/techstore.ba\/shop\/wp-json\/wp\/v2\/product_cat?post=31956"},{"taxonomy":"product_tag","embeddable":true,"href":"https:\/\/techstore.ba\/shop\/wp-json\/wp\/v2\/product_tag?post=31956"}],"curies":[{"name":"wp","href":"https:\/\/api.w.org\/{rel}","templated":true}]}}