{"id":31914,"date":"2026-02-02T18:43:35","date_gmt":"2026-02-02T17:43:35","guid":{"rendered":"https:\/\/techstore.ba\/shop\/product\/asus-rog-falchion-ace-hfx-65gaming-tastatura\/"},"modified":"2026-02-09T21:30:13","modified_gmt":"2026-02-09T20:30:13","slug":"asus-rog-falchion-ace-hfx-65gaming-tastatura","status":"publish","type":"product","link":"https:\/\/techstore.ba\/shop\/product\/asus-rog-falchion-ace-hfx-65gaming-tastatura\/","title":{"rendered":"Asus ROG Falchion ACE HFX 65%gaming tastatura"},"content":{"rendered":"","protected":false},"excerpt":{"rendered":"<p>Asus ROG Falchion ACE HFX 65% gaming tastatura, ROG HFX magnetic prekida\u010di, prekida\u010d za uklju\u010divanje Rapid Trigger moda, speed tap mod rada, interaktivni panel osjetljiv na dodir, 8000 Hz polling rate<\/p>\n","protected":false},"featured_media":31915,"template":"","meta":[],"product_cat":[582,506],"product_tag":[],"class_list":{"0":"post-31914","1":"product","2":"type-product","3":"status-publish","4":"has-post-thumbnail","6":"product_cat-brend-asus","7":"product_cat-ct-tastature","8":"pa_brend-tastature","10":"first","11":"instock","12":"shipping-taxable","13":"purchasable","14":"product-type-simple"},"_links":{"self":[{"href":"https:\/\/techstore.ba\/shop\/wp-json\/wp\/v2\/product\/31914","targetHints":{"allow":["GET"]}}],"collection":[{"href":"https:\/\/techstore.ba\/shop\/wp-json\/wp\/v2\/product"}],"about":[{"href":"https:\/\/techstore.ba\/shop\/wp-json\/wp\/v2\/types\/product"}],"wp:featuredmedia":[{"embeddable":true,"href":"https:\/\/techstore.ba\/shop\/wp-json\/wp\/v2\/media\/31915"}],"wp:attachment":[{"href":"https:\/\/techstore.ba\/shop\/wp-json\/wp\/v2\/media?parent=31914"}],"wp:term":[{"taxonomy":"product_cat","embeddable":true,"href":"https:\/\/techstore.ba\/shop\/wp-json\/wp\/v2\/product_cat?post=31914"},{"taxonomy":"product_tag","embeddable":true,"href":"https:\/\/techstore.ba\/shop\/wp-json\/wp\/v2\/product_tag?post=31914"}],"curies":[{"name":"wp","href":"https:\/\/api.w.org\/{rel}","templated":true}]}}