{"id":31888,"date":"2026-02-02T18:42:47","date_gmt":"2026-02-02T17:42:47","guid":{"rendered":"https:\/\/techstore.ba\/shop\/product\/tcl-ves-masina-ff0812wa08kg-1200rpmf2-series\/"},"modified":"2026-02-19T20:11:11","modified_gmt":"2026-02-19T19:11:11","slug":"tcl-ves-masina-ff0812wa08kg-1200rpmf2-series","status":"publish","type":"product","link":"https:\/\/techstore.ba\/shop\/product\/tcl-ves-masina-ff0812wa08kg-1200rpmf2-series\/","title":{"rendered":"TCL ve\u0161 ma\u0161ina FF0812WA08kg, 1200rpmF2 series"},"content":{"rendered":"","protected":false},"excerpt":{"rendered":"<p>TCL ve\u0161 ma\u0161ina FF0812WA0, 8kg, 1200rpm,  A, inverter, LED Display, 16 Programs, Honeycomb drum,  Drum Clean,  Digital Inverter Motor, Steam Wash, Add Wash, Quick Wash 18&#8217;, 24H Delay End<\/p>\n","protected":false},"featured_media":31889,"template":"","meta":[],"product_cat":[573,722],"product_tag":[],"class_list":{"0":"post-31888","1":"product","2":"type-product","3":"status-publish","4":"has-post-thumbnail","6":"product_cat-brend-tcl","7":"product_cat-ct-vesmasine","8":"pa_brend-ves-masine","10":"first","11":"instock","12":"shipping-taxable","13":"purchasable","14":"product-type-simple"},"_links":{"self":[{"href":"https:\/\/techstore.ba\/shop\/wp-json\/wp\/v2\/product\/31888","targetHints":{"allow":["GET"]}}],"collection":[{"href":"https:\/\/techstore.ba\/shop\/wp-json\/wp\/v2\/product"}],"about":[{"href":"https:\/\/techstore.ba\/shop\/wp-json\/wp\/v2\/types\/product"}],"wp:featuredmedia":[{"embeddable":true,"href":"https:\/\/techstore.ba\/shop\/wp-json\/wp\/v2\/media\/31889"}],"wp:attachment":[{"href":"https:\/\/techstore.ba\/shop\/wp-json\/wp\/v2\/media?parent=31888"}],"wp:term":[{"taxonomy":"product_cat","embeddable":true,"href":"https:\/\/techstore.ba\/shop\/wp-json\/wp\/v2\/product_cat?post=31888"},{"taxonomy":"product_tag","embeddable":true,"href":"https:\/\/techstore.ba\/shop\/wp-json\/wp\/v2\/product_tag?post=31888"}],"curies":[{"name":"wp","href":"https:\/\/api.w.org\/{rel}","templated":true}]}}