{"id":31847,"date":"2026-02-02T18:42:01","date_gmt":"2026-02-02T17:42:01","guid":{"rendered":"https:\/\/techstore.ba\/shop\/product\/bosch-susilica-rublja-serie-8-9-kg-b-autodryr290samocisteci-kondezator\/"},"modified":"2026-04-04T11:56:33","modified_gmt":"2026-04-04T09:56:33","slug":"bosch-susilica-rublja-serie-8-9-kg-b-autodryr290samocisteci-kondezator","status":"publish","type":"product","link":"https:\/\/techstore.ba\/shop\/product\/bosch-susilica-rublja-serie-8-9-kg-b-autodryr290samocisteci-kondezator\/","title":{"rendered":"BOSCH su\u0161ilica rublja Serie 8|, 9  KG, B , AutoDry,R290,Samo\u010diste\u0107i kondezator"},"content":{"rendered":"","protected":false},"excerpt":{"rendered":"<p>BOSCH su\u0161ilica rublja  WQB246CNBY Serie 8| , 9  KG, B , AutoDry,R290 ,Samo\u010diste\u0107i kondezator<\/p>\n","protected":false},"featured_media":0,"template":"","meta":[],"product_cat":[843,722],"product_tag":[],"class_list":{"0":"post-31847","1":"product","2":"type-product","3":"status-publish","5":"product_cat-brend-bosch","6":"product_cat-ct-vesmasine","7":"pa_brend-bosch","9":"first","10":"outofstock","11":"shipping-taxable","12":"purchasable","13":"product-type-simple"},"_links":{"self":[{"href":"https:\/\/techstore.ba\/shop\/wp-json\/wp\/v2\/product\/31847","targetHints":{"allow":["GET"]}}],"collection":[{"href":"https:\/\/techstore.ba\/shop\/wp-json\/wp\/v2\/product"}],"about":[{"href":"https:\/\/techstore.ba\/shop\/wp-json\/wp\/v2\/types\/product"}],"wp:attachment":[{"href":"https:\/\/techstore.ba\/shop\/wp-json\/wp\/v2\/media?parent=31847"}],"wp:term":[{"taxonomy":"product_cat","embeddable":true,"href":"https:\/\/techstore.ba\/shop\/wp-json\/wp\/v2\/product_cat?post=31847"},{"taxonomy":"product_tag","embeddable":true,"href":"https:\/\/techstore.ba\/shop\/wp-json\/wp\/v2\/product_tag?post=31847"}],"curies":[{"name":"wp","href":"https:\/\/api.w.org\/{rel}","templated":true}]}}