{"id":31655,"date":"2026-02-02T18:36:40","date_gmt":"2026-02-02T17:36:40","guid":{"rendered":"https:\/\/techstore.ba\/shop\/product\/bosch-pecnica-serie-8crna-akataliticki-hidrolitickiautooffbosch-assist\/"},"modified":"2026-04-04T11:55:29","modified_gmt":"2026-04-04T09:55:29","slug":"bosch-pecnica-serie-8crna-akataliticki-hidrolitickiautooffbosch-assist","status":"publish","type":"product","link":"https:\/\/techstore.ba\/shop\/product\/bosch-pecnica-serie-8crna-akataliticki-hidrolitickiautooffbosch-assist\/","title":{"rendered":"BOSCH pe\u0107nica  Serie 8|CRNA, A+,kataliti\u010dki, Hidroliti\u010dkiAutoOFF,Bosch Assist"},"content":{"rendered":"","protected":false},"excerpt":{"rendered":"<p>BOSCH pe\u0107nica HBG7341B1 Serie 8|CRNA,A+,kataliti\u010dki, Hidroliti\u010dki, AutoOFF,Bosch Assist<\/p>\n","protected":false},"featured_media":31656,"template":"","meta":[],"product_cat":[843,718],"product_tag":[],"class_list":{"0":"post-31655","1":"product","2":"type-product","3":"status-publish","4":"has-post-thumbnail","6":"product_cat-brend-bosch","7":"product_cat-ct-ugrrerne","8":"pa_brend-bosch","10":"first","11":"instock","12":"shipping-taxable","13":"purchasable","14":"product-type-simple"},"_links":{"self":[{"href":"https:\/\/techstore.ba\/shop\/wp-json\/wp\/v2\/product\/31655","targetHints":{"allow":["GET"]}}],"collection":[{"href":"https:\/\/techstore.ba\/shop\/wp-json\/wp\/v2\/product"}],"about":[{"href":"https:\/\/techstore.ba\/shop\/wp-json\/wp\/v2\/types\/product"}],"wp:featuredmedia":[{"embeddable":true,"href":"https:\/\/techstore.ba\/shop\/wp-json\/wp\/v2\/media\/31656"}],"wp:attachment":[{"href":"https:\/\/techstore.ba\/shop\/wp-json\/wp\/v2\/media?parent=31655"}],"wp:term":[{"taxonomy":"product_cat","embeddable":true,"href":"https:\/\/techstore.ba\/shop\/wp-json\/wp\/v2\/product_cat?post=31655"},{"taxonomy":"product_tag","embeddable":true,"href":"https:\/\/techstore.ba\/shop\/wp-json\/wp\/v2\/product_tag?post=31655"}],"curies":[{"name":"wp","href":"https:\/\/api.w.org\/{rel}","templated":true}]}}