{"id":31634,"date":"2026-02-02T18:36:19","date_gmt":"2026-02-02T17:36:19","guid":{"rendered":"https:\/\/techstore.ba\/shop\/product\/bosch-pecnica-serie-2-inoxkataliticke-obloge\/"},"modified":"2026-04-04T11:55:29","modified_gmt":"2026-04-04T09:55:29","slug":"bosch-pecnica-serie-2-inoxkataliticke-obloge","status":"publish","type":"product","link":"https:\/\/techstore.ba\/shop\/product\/bosch-pecnica-serie-2-inoxkataliticke-obloge\/","title":{"rendered":"BOSCH pe\u0107nica  Serie 2| INOXKataliti\u010dke obloge"},"content":{"rendered":"","protected":false},"excerpt":{"rendered":"<p>BOSCH pe\u0107nica HBF133BR0 Serie 2|; A; INOX; 66L; 5 programa pecenja; led zaslon;Halogeno osvjetljenje; \u010ci\u0161\u0107enje: EcoClean direct Kataliti\u010dke obloge; 3D vru\u0107i zrak;<\/p>\n","protected":false},"featured_media":31635,"template":"","meta":[],"product_cat":[843,718],"product_tag":[],"class_list":{"0":"post-31634","1":"product","2":"type-product","3":"status-publish","4":"has-post-thumbnail","6":"product_cat-brend-bosch","7":"product_cat-ct-ugrrerne","8":"pa_brend-bosch","10":"first","11":"instock","12":"shipping-taxable","13":"purchasable","14":"product-type-simple"},"_links":{"self":[{"href":"https:\/\/techstore.ba\/shop\/wp-json\/wp\/v2\/product\/31634","targetHints":{"allow":["GET"]}}],"collection":[{"href":"https:\/\/techstore.ba\/shop\/wp-json\/wp\/v2\/product"}],"about":[{"href":"https:\/\/techstore.ba\/shop\/wp-json\/wp\/v2\/types\/product"}],"wp:featuredmedia":[{"embeddable":true,"href":"https:\/\/techstore.ba\/shop\/wp-json\/wp\/v2\/media\/31635"}],"wp:attachment":[{"href":"https:\/\/techstore.ba\/shop\/wp-json\/wp\/v2\/media?parent=31634"}],"wp:term":[{"taxonomy":"product_cat","embeddable":true,"href":"https:\/\/techstore.ba\/shop\/wp-json\/wp\/v2\/product_cat?post=31634"},{"taxonomy":"product_tag","embeddable":true,"href":"https:\/\/techstore.ba\/shop\/wp-json\/wp\/v2\/product_tag?post=31634"}],"curies":[{"name":"wp","href":"https:\/\/api.w.org\/{rel}","templated":true}]}}