{"id":31619,"date":"2026-02-02T18:35:58","date_gmt":"2026-02-02T17:35:58","guid":{"rendered":"https:\/\/techstore.ba\/shop\/product\/bosch-pecnica-serie-4-crna-a-ecoclean71l7-programateleskopska-vodilica3d-vruci-zrak\/"},"modified":"2026-04-04T11:55:29","modified_gmt":"2026-04-04T09:55:29","slug":"bosch-pecnica-serie-4-crna-a-ecoclean71l7-programateleskopska-vodilica3d-vruci-zrak","status":"publish","type":"product","link":"https:\/\/techstore.ba\/shop\/product\/bosch-pecnica-serie-4-crna-a-ecoclean71l7-programateleskopska-vodilica3d-vruci-zrak\/","title":{"rendered":"BOSCH pe\u0107nica  Serie 4| CRNA A, EcoClean,71L,7 programaTeleskopska vodilica,3D vru\u0107i zrak"},"content":{"rendered":"","protected":false},"excerpt":{"rendered":"<p>BOSCH pe\u0107nica HBA234EB3  Serie 4| CRNA A, EcoClean,71L,7 programa, Teleskopska vodilica,3D vru\u0107i zrak, Naslijednik modela: HBA2340B0<\/p>\n","protected":false},"featured_media":31620,"template":"","meta":[],"product_cat":[843,718],"product_tag":[],"class_list":{"0":"post-31619","1":"product","2":"type-product","3":"status-publish","4":"has-post-thumbnail","6":"product_cat-brend-bosch","7":"product_cat-ct-ugrrerne","8":"pa_brend-bosch","10":"first","11":"instock","12":"shipping-taxable","13":"purchasable","14":"product-type-simple"},"_links":{"self":[{"href":"https:\/\/techstore.ba\/shop\/wp-json\/wp\/v2\/product\/31619","targetHints":{"allow":["GET"]}}],"collection":[{"href":"https:\/\/techstore.ba\/shop\/wp-json\/wp\/v2\/product"}],"about":[{"href":"https:\/\/techstore.ba\/shop\/wp-json\/wp\/v2\/types\/product"}],"wp:featuredmedia":[{"embeddable":true,"href":"https:\/\/techstore.ba\/shop\/wp-json\/wp\/v2\/media\/31620"}],"wp:attachment":[{"href":"https:\/\/techstore.ba\/shop\/wp-json\/wp\/v2\/media?parent=31619"}],"wp:term":[{"taxonomy":"product_cat","embeddable":true,"href":"https:\/\/techstore.ba\/shop\/wp-json\/wp\/v2\/product_cat?post=31619"},{"taxonomy":"product_tag","embeddable":true,"href":"https:\/\/techstore.ba\/shop\/wp-json\/wp\/v2\/product_tag?post=31619"}],"curies":[{"name":"wp","href":"https:\/\/api.w.org\/{rel}","templated":true}]}}