{"id":31587,"date":"2026-02-02T18:35:03","date_gmt":"2026-02-02T17:35:03","guid":{"rendered":"https:\/\/techstore.ba\/shop\/product\/bosch-staklokeramicka-ploca-serie-6-60cm-1-x-ovalno-1-x-prosireno\/"},"modified":"2026-04-04T11:55:15","modified_gmt":"2026-04-04T09:55:15","slug":"bosch-staklokeramicka-ploca-serie-6-60cm-1-x-ovalno-1-x-prosireno","status":"publish","type":"product","link":"https:\/\/techstore.ba\/shop\/product\/bosch-staklokeramicka-ploca-serie-6-60cm-1-x-ovalno-1-x-prosireno\/","title":{"rendered":"BOSCH Staklokerami\u010dka plo\u010da Serie 6| 60cm, 1 X Ovalno, 1 X Pro\u0161ireno"},"content":{"rendered":"<h3>Specifikacije<\/h3>\n<table style=\"border-collapse:collapse;width:100%\">\n<tr>\n<th style=\"text-align:left;padding:6px 10px;border:1px solid #eee\">NUMBER OF ZONES_HOB<\/th>\n<td style=\"padding:6px 10px;border:1px solid #eee\">4<\/td>\n<\/tr>\n<tr>\n<th style=\"text-align:left;padding:6px 10px;border:1px solid #eee\">WIDTH CM_HOB<\/th>\n<td style=\"padding:6px 10px;border:1px solid #eee\">60<\/td>\n<\/tr>\n<tr>\n<th style=\"text-align:left;padding:6px 10px;border:1px solid #eee\">TYPE OF CONTROL_HOB<\/th>\n<td style=\"padding:6px 10px;border:1px solid #eee\">Na dodir<\/td>\n<\/tr>\n<tr>\n<th style=\"text-align:left;padding:6px 10px;border:1px solid #eee\">TYPE OF HOB_HOB<\/th>\n<td style=\"padding:6px 10px;border:1px solid #eee\">Staklokeramicka<\/td>\n<\/tr>\n<tr>\n<th style=\"text-align:left;padding:6px 10px;border:1px solid #eee\">WARRANTY_HOB<\/th>\n<td style=\"padding:6px 10px;border:1px solid #eee\">2G<\/td>\n<\/tr>\n<\/table>\n","protected":false},"excerpt":{"rendered":"<p>BOSCH Staklokerami\u010dka plo\u010da  Serie 6| PKN631FP2E  1 X Ovalno,  1 X Pro\u0161ireno<\/p>\n","protected":false},"featured_media":31588,"template":"","meta":[],"product_cat":[843,841,15],"product_tag":[],"class_list":{"0":"post-31587","1":"product","2":"type-product","3":"status-publish","4":"has-post-thumbnail","6":"product_cat-brend-bosch","7":"product_cat-ct-ugrploce","8":"product_cat-uncategorized","9":"pa_brend-bosch","11":"first","12":"instock","13":"shipping-taxable","14":"purchasable","15":"product-type-simple"},"_links":{"self":[{"href":"https:\/\/techstore.ba\/shop\/wp-json\/wp\/v2\/product\/31587","targetHints":{"allow":["GET"]}}],"collection":[{"href":"https:\/\/techstore.ba\/shop\/wp-json\/wp\/v2\/product"}],"about":[{"href":"https:\/\/techstore.ba\/shop\/wp-json\/wp\/v2\/types\/product"}],"wp:featuredmedia":[{"embeddable":true,"href":"https:\/\/techstore.ba\/shop\/wp-json\/wp\/v2\/media\/31588"}],"wp:attachment":[{"href":"https:\/\/techstore.ba\/shop\/wp-json\/wp\/v2\/media?parent=31587"}],"wp:term":[{"taxonomy":"product_cat","embeddable":true,"href":"https:\/\/techstore.ba\/shop\/wp-json\/wp\/v2\/product_cat?post=31587"},{"taxonomy":"product_tag","embeddable":true,"href":"https:\/\/techstore.ba\/shop\/wp-json\/wp\/v2\/product_tag?post=31587"}],"curies":[{"name":"wp","href":"https:\/\/api.w.org\/{rel}","templated":true}]}}