{"id":31583,"date":"2026-02-02T18:34:52","date_gmt":"2026-02-02T17:34:52","guid":{"rendered":"https:\/\/techstore.ba\/shop\/product\/bosch-staklokeramicka-poca-serie-4-60-cm-tri-kola\/"},"modified":"2026-04-04T11:55:15","modified_gmt":"2026-04-04T09:55:15","slug":"bosch-staklokeramicka-poca-serie-4-60-cm-tri-kola","status":"publish","type":"product","link":"https:\/\/techstore.ba\/shop\/product\/bosch-staklokeramicka-poca-serie-4-60-cm-tri-kola\/","title":{"rendered":"BOSCH Staklokerami\u010dka po\u010da Serie 4| 60 cm tri kola"},"content":{"rendered":"","protected":false},"excerpt":{"rendered":"<p>BOSCH Staklokerami\u010dka po\u010da  Serie 4| PKK611BB2E  60 cm tri kola,  Bez okvira,<\/p>\n","protected":false},"featured_media":31584,"template":"","meta":[],"product_cat":[843,841,15],"product_tag":[],"class_list":{"0":"post-31583","1":"product","2":"type-product","3":"status-publish","4":"has-post-thumbnail","6":"product_cat-brend-bosch","7":"product_cat-ct-ugrploce","8":"product_cat-uncategorized","9":"pa_brend-bosch","11":"first","12":"instock","13":"shipping-taxable","14":"purchasable","15":"product-type-simple"},"_links":{"self":[{"href":"https:\/\/techstore.ba\/shop\/wp-json\/wp\/v2\/product\/31583","targetHints":{"allow":["GET"]}}],"collection":[{"href":"https:\/\/techstore.ba\/shop\/wp-json\/wp\/v2\/product"}],"about":[{"href":"https:\/\/techstore.ba\/shop\/wp-json\/wp\/v2\/types\/product"}],"wp:featuredmedia":[{"embeddable":true,"href":"https:\/\/techstore.ba\/shop\/wp-json\/wp\/v2\/media\/31584"}],"wp:attachment":[{"href":"https:\/\/techstore.ba\/shop\/wp-json\/wp\/v2\/media?parent=31583"}],"wp:term":[{"taxonomy":"product_cat","embeddable":true,"href":"https:\/\/techstore.ba\/shop\/wp-json\/wp\/v2\/product_cat?post=31583"},{"taxonomy":"product_tag","embeddable":true,"href":"https:\/\/techstore.ba\/shop\/wp-json\/wp\/v2\/product_tag?post=31583"}],"curies":[{"name":"wp","href":"https:\/\/api.w.org\/{rel}","templated":true}]}}