{"id":31578,"date":"2026-02-02T18:34:42","date_gmt":"2026-02-02T17:34:42","guid":{"rendered":"https:\/\/techstore.ba\/shop\/product\/bosch-staklokeramicka-ploca-serie-6-60-cm-inox-okvir-1-prosireno-kolo\/"},"modified":"2026-04-04T11:55:15","modified_gmt":"2026-04-04T09:55:15","slug":"bosch-staklokeramicka-ploca-serie-6-60-cm-inox-okvir-1-prosireno-kolo","status":"publish","type":"product","link":"https:\/\/techstore.ba\/shop\/product\/bosch-staklokeramicka-ploca-serie-6-60-cm-inox-okvir-1-prosireno-kolo\/","title":{"rendered":"BOSCH Staklokerami\u010dka plo\u010da Serie 6| 60 cm, INOX okvir 1 pro\u0161ireno kolo"},"content":{"rendered":"","protected":false},"excerpt":{"rendered":"<p>BOSCH Staklokerami\u010dka plo\u010da  Serie 6| PKF645FP3E 60 cm, INOX okvir<\/p>\n","protected":false},"featured_media":31579,"template":"","meta":[],"product_cat":[843,841,15],"product_tag":[],"class_list":{"0":"post-31578","1":"product","2":"type-product","3":"status-publish","4":"has-post-thumbnail","6":"product_cat-brend-bosch","7":"product_cat-ct-ugrploce","8":"product_cat-uncategorized","9":"pa_brend-bosch","11":"first","12":"instock","13":"shipping-taxable","14":"purchasable","15":"product-type-simple"},"_links":{"self":[{"href":"https:\/\/techstore.ba\/shop\/wp-json\/wp\/v2\/product\/31578","targetHints":{"allow":["GET"]}}],"collection":[{"href":"https:\/\/techstore.ba\/shop\/wp-json\/wp\/v2\/product"}],"about":[{"href":"https:\/\/techstore.ba\/shop\/wp-json\/wp\/v2\/types\/product"}],"wp:featuredmedia":[{"embeddable":true,"href":"https:\/\/techstore.ba\/shop\/wp-json\/wp\/v2\/media\/31579"}],"wp:attachment":[{"href":"https:\/\/techstore.ba\/shop\/wp-json\/wp\/v2\/media?parent=31578"}],"wp:term":[{"taxonomy":"product_cat","embeddable":true,"href":"https:\/\/techstore.ba\/shop\/wp-json\/wp\/v2\/product_cat?post=31578"},{"taxonomy":"product_tag","embeddable":true,"href":"https:\/\/techstore.ba\/shop\/wp-json\/wp\/v2\/product_tag?post=31578"}],"curies":[{"name":"wp","href":"https:\/\/api.w.org\/{rel}","templated":true}]}}