{"id":31539,"date":"2026-02-02T18:33:43","date_gmt":"2026-02-02T17:33:43","guid":{"rendered":"https:\/\/techstore.ba\/shop\/product\/bosch-set-za-napu-hez9vdkr1za-ploce-sa-ventilacijomall-type-60-cm-70cm-i-80-cm\/"},"modified":"2026-03-03T04:17:05","modified_gmt":"2026-03-03T03:17:05","slug":"bosch-set-za-napu-hez9vdkr1za-ploce-sa-ventilacijomall-type-60-cm-70cm-i-80-cm","status":"publish","type":"product","link":"https:\/\/techstore.ba\/shop\/product\/bosch-set-za-napu-hez9vdkr1za-ploce-sa-ventilacijomall-type-60-cm-70cm-i-80-cm\/","title":{"rendered":"BOSCH Set za napu HEZ9VDKR1Za plo\u010de sa ventilacijomAll type (60 cm, 70cm i 80 cm)"},"content":{"rendered":"","protected":false},"excerpt":{"rendered":"<p>BOSCH Set za napu HEZ9VDKR1 Za plo\u010de sa ventilacijom s dubinom radne plo\u010de od 60 cm ili vi\u0161e<\/p>\n","protected":false},"featured_media":31541,"template":"","meta":[],"product_cat":[840,843,15],"product_tag":[],"class_list":{"0":"post-31539","1":"product","2":"type-product","3":"status-publish","4":"has-post-thumbnail","6":"product_cat-ct-ugraspirat","7":"product_cat-brend-bosch","8":"product_cat-uncategorized","9":"pa_brend-aspir-ugradni","11":"first","12":"instock","13":"shipping-taxable","14":"purchasable","15":"product-type-simple"},"_links":{"self":[{"href":"https:\/\/techstore.ba\/shop\/wp-json\/wp\/v2\/product\/31539","targetHints":{"allow":["GET"]}}],"collection":[{"href":"https:\/\/techstore.ba\/shop\/wp-json\/wp\/v2\/product"}],"about":[{"href":"https:\/\/techstore.ba\/shop\/wp-json\/wp\/v2\/types\/product"}],"wp:featuredmedia":[{"embeddable":true,"href":"https:\/\/techstore.ba\/shop\/wp-json\/wp\/v2\/media\/31541"}],"wp:attachment":[{"href":"https:\/\/techstore.ba\/shop\/wp-json\/wp\/v2\/media?parent=31539"}],"wp:term":[{"taxonomy":"product_cat","embeddable":true,"href":"https:\/\/techstore.ba\/shop\/wp-json\/wp\/v2\/product_cat?post=31539"},{"taxonomy":"product_tag","embeddable":true,"href":"https:\/\/techstore.ba\/shop\/wp-json\/wp\/v2\/product_tag?post=31539"}],"curies":[{"name":"wp","href":"https:\/\/api.w.org\/{rel}","templated":true}]}}