{"id":31536,"date":"2026-02-02T18:33:40","date_gmt":"2026-02-02T17:33:40","guid":{"rendered":"https:\/\/techstore.ba\/shop\/product\/bosch-set-za-napu-hez9vdkr0za-ploce-sa-ventilacijomall-type-60-cm-70cm-i-80-cm\/"},"modified":"2026-04-04T11:54:55","modified_gmt":"2026-04-04T09:54:55","slug":"bosch-set-za-napu-hez9vdkr0za-ploce-sa-ventilacijomall-type-60-cm-70cm-i-80-cm","status":"publish","type":"product","link":"https:\/\/techstore.ba\/shop\/product\/bosch-set-za-napu-hez9vdkr0za-ploce-sa-ventilacijomall-type-60-cm-70cm-i-80-cm\/","title":{"rendered":"BOSCH Set za napu HEZ9VDKR0Za plo\u010de sa ventilacijomAll type (60 cm, 70cm i 80 cm)"},"content":{"rendered":"","protected":false},"excerpt":{"rendered":"<p>BOSCH Set za napu HEZ9VDKR0 Za plo\u010de sa ventilacijom s dubinom radne plo\u010de od 70 cm ili vi\u0161e.<\/p>\n","protected":false},"featured_media":31538,"template":"","meta":[],"product_cat":[840,843,15],"product_tag":[],"class_list":{"0":"post-31536","1":"product","2":"type-product","3":"status-publish","4":"has-post-thumbnail","6":"product_cat-ct-ugraspirat","7":"product_cat-brend-bosch","8":"product_cat-uncategorized","9":"pa_brend-aspir-ugradni","11":"first","12":"outofstock","13":"shipping-taxable","14":"purchasable","15":"product-type-simple"},"_links":{"self":[{"href":"https:\/\/techstore.ba\/shop\/wp-json\/wp\/v2\/product\/31536","targetHints":{"allow":["GET"]}}],"collection":[{"href":"https:\/\/techstore.ba\/shop\/wp-json\/wp\/v2\/product"}],"about":[{"href":"https:\/\/techstore.ba\/shop\/wp-json\/wp\/v2\/types\/product"}],"wp:featuredmedia":[{"embeddable":true,"href":"https:\/\/techstore.ba\/shop\/wp-json\/wp\/v2\/media\/31538"}],"wp:attachment":[{"href":"https:\/\/techstore.ba\/shop\/wp-json\/wp\/v2\/media?parent=31536"}],"wp:term":[{"taxonomy":"product_cat","embeddable":true,"href":"https:\/\/techstore.ba\/shop\/wp-json\/wp\/v2\/product_cat?post=31536"},{"taxonomy":"product_tag","embeddable":true,"href":"https:\/\/techstore.ba\/shop\/wp-json\/wp\/v2\/product_tag?post=31536"}],"curies":[{"name":"wp","href":"https:\/\/api.w.org\/{rel}","templated":true}]}}