{"id":31523,"date":"2026-02-02T18:33:30","date_gmt":"2026-02-02T17:33:30","guid":{"rendered":"https:\/\/techstore.ba\/shop\/product\/bosch-potpuno-ugradbena-napa-serie-2-300-m3-h-buka-46-62db-it\/"},"modified":"2026-04-04T11:54:55","modified_gmt":"2026-04-04T09:54:55","slug":"bosch-potpuno-ugradbena-napa-serie-2-300-m3-h-buka-46-62db-it","status":"publish","type":"product","link":"https:\/\/techstore.ba\/shop\/product\/bosch-potpuno-ugradbena-napa-serie-2-300-m3-h-buka-46-62db-it\/","title":{"rendered":"BOSCH Potpuno ugradbena napa Serie 2| 300 m3\/h, Buka: 46\/62dB, IT"},"content":{"rendered":"<h3>Specifikacije<\/h3>\n<table style=\"border-collapse:collapse;width:100%\">\n<tr>\n<th style=\"text-align:left;padding:6px 10px;border:1px solid #eee\">COLOR_HOOD<\/th>\n<td style=\"padding:6px 10px;border:1px solid #eee\">Inox<\/td>\n<\/tr>\n<tr>\n<th style=\"text-align:left;padding:6px 10px;border:1px solid #eee\">MOTOR POWER_HOOD<\/th>\n<td style=\"padding:6px 10px;border:1px solid #eee\">125W<\/td>\n<\/tr>\n<tr>\n<th style=\"text-align:left;padding:6px 10px;border:1px solid #eee\">NUM OF LIGHTS_HOOD<\/th>\n<td style=\"padding:6px 10px;border:1px solid #eee\">2<\/td>\n<\/tr>\n<tr>\n<th style=\"text-align:left;padding:6px 10px;border:1px solid #eee\">NUMBER OF MOTOR_HOOD<\/th>\n<td style=\"padding:6px 10px;border:1px solid #eee\">1<\/td>\n<\/tr>\n<tr>\n<th style=\"text-align:left;padding:6px 10px;border:1px solid #eee\">SUCT POW M3\/H_HOOD<\/th>\n<td style=\"padding:6px 10px;border:1px solid #eee\">300<\/td>\n<\/tr>\n<tr>\n<th style=\"text-align:left;padding:6px 10px;border:1px solid #eee\">TYPE OF HOOD_HOOD<\/th>\n<td style=\"padding:6px 10px;border:1px solid #eee\">Ugradni<\/td>\n<\/tr>\n<tr>\n<th style=\"text-align:left;padding:6px 10px;border:1px solid #eee\">TYPE OF LIGHT_HOOD<\/th>\n<td style=\"padding:6px 10px;border:1px solid #eee\">LED<\/td>\n<\/tr>\n<tr>\n<th style=\"text-align:left;padding:6px 10px;border:1px solid #eee\">WARRANTY_HOOD<\/th>\n<td style=\"padding:6px 10px;border:1px solid #eee\">2G<\/td>\n<\/tr>\n<tr>\n<th style=\"text-align:left;padding:6px 10px;border:1px solid #eee\">DIMENSIONS_HOOD<\/th>\n<td style=\"padding:6px 10px;border:1px solid #eee\">208 x 534 x 300 mm<\/td>\n<\/tr>\n<tr>\n<th style=\"text-align:left;padding:6px 10px;border:1px solid #eee\">OTHER_HOOD<\/th>\n<td style=\"padding:6px 10px;border:1px solid #eee\">Dve mogu\u0107nosti delovanja: odvo\u0111enje vazduha ili kru\u017eenje vazduha (potrebno<br \/>\ndokupiti komplet za recirkulaciju). Ugradne dimenzije (Vx\u0160xG): 208 x 493 x 257 mm<\/td>\n<\/tr>\n<tr>\n<th style=\"text-align:left;padding:6px 10px;border:1px solid #eee\">WIDTH  CM_HOOD<\/th>\n<td style=\"padding:6px 10px;border:1px solid #eee\">60<\/td>\n<\/tr>\n<\/table>\n","protected":false},"excerpt":{"rendered":"<p>BOSCH Potpuno ugradbena napa  DLN53AA70 Serie 2|; 60 cm; D; 300 m3\/h; Buka: 46\/62dB; 3 pode\u0161avanja snage; LED; Potrebna veli\u010dina ni\u0161e za ugradnju (VX\u0160XD) :208mm x 493.0mm x 257mm; IT<\/p>\n","protected":false},"featured_media":31524,"template":"","meta":[],"product_cat":[840,843,15],"product_tag":[],"class_list":{"0":"post-31523","1":"product","2":"type-product","3":"status-publish","4":"has-post-thumbnail","6":"product_cat-ct-ugraspirat","7":"product_cat-brend-bosch","8":"product_cat-uncategorized","9":"pa_brend-aspir-ugradni","11":"first","12":"instock","13":"shipping-taxable","14":"purchasable","15":"product-type-simple"},"_links":{"self":[{"href":"https:\/\/techstore.ba\/shop\/wp-json\/wp\/v2\/product\/31523","targetHints":{"allow":["GET"]}}],"collection":[{"href":"https:\/\/techstore.ba\/shop\/wp-json\/wp\/v2\/product"}],"about":[{"href":"https:\/\/techstore.ba\/shop\/wp-json\/wp\/v2\/types\/product"}],"wp:featuredmedia":[{"embeddable":true,"href":"https:\/\/techstore.ba\/shop\/wp-json\/wp\/v2\/media\/31524"}],"wp:attachment":[{"href":"https:\/\/techstore.ba\/shop\/wp-json\/wp\/v2\/media?parent=31523"}],"wp:term":[{"taxonomy":"product_cat","embeddable":true,"href":"https:\/\/techstore.ba\/shop\/wp-json\/wp\/v2\/product_cat?post=31523"},{"taxonomy":"product_tag","embeddable":true,"href":"https:\/\/techstore.ba\/shop\/wp-json\/wp\/v2\/product_tag?post=31523"}],"curies":[{"name":"wp","href":"https:\/\/api.w.org\/{rel}","templated":true}]}}