{"id":31050,"date":"2026-02-02T18:18:26","date_gmt":"2026-02-02T17:18:26","guid":{"rendered":"https:\/\/techstore.ba\/shop\/product\/tesla-sendvic-toster-sm100wsnaga-750-w-aparat-za-2-kriske-ploca-s-neljepljivim-premazom\/"},"modified":"2026-03-19T15:33:03","modified_gmt":"2026-03-19T14:33:03","slug":"tesla-sendvic-toster-sm100wsnaga-750-w-aparat-za-2-kriske-ploca-s-neljepljivim-premazom","status":"publish","type":"product","link":"https:\/\/techstore.ba\/shop\/product\/tesla-sendvic-toster-sm100wsnaga-750-w-aparat-za-2-kriske-ploca-s-neljepljivim-premazom\/","title":{"rendered":"TESLA Sendvi\u010d toster SM100WSnaga 750 W; Aparat za 2 kri\u0161ke; Plo\u010da s neljepljivim premazom"},"content":{"rendered":"<h3>Specifikacije<\/h3>\n<table style=\"border-collapse:collapse;width:100%\">\n<tr>\n<th style=\"text-align:left;padding:6px 10px;border:1px solid #eee\">POWER_TOASTERS<\/th>\n<td style=\"padding:6px 10px;border:1px solid #eee\">750 W<\/td>\n<\/tr>\n<\/table>\n","protected":false},"excerpt":{"rendered":"<p>TESLA Sendvi\u010d toster SM100W; Snaga 750 W; Aparat za sendvi\u010de s 2 kri\u0161ke; Lako otvaranje; Plo\u010da s neljepljivim premazom; Sigurnosna za\u0161tita od pregrijavanja; Svjetlosni indikator; Mogu\u0107e uspravno odlaganje; Dvobojna svjetla s termostatskom kontrolom<\/p>\n","protected":false},"featured_media":31051,"template":"","meta":[],"product_cat":[835,15],"product_tag":[],"class_list":{"0":"post-31050","1":"product","2":"type-product","3":"status-publish","4":"has-post-thumbnail","6":"product_cat-ct-toster","7":"product_cat-uncategorized","8":"pa_brend-uncategorized","10":"first","11":"instock","12":"shipping-taxable","13":"purchasable","14":"product-type-simple"},"_links":{"self":[{"href":"https:\/\/techstore.ba\/shop\/wp-json\/wp\/v2\/product\/31050","targetHints":{"allow":["GET"]}}],"collection":[{"href":"https:\/\/techstore.ba\/shop\/wp-json\/wp\/v2\/product"}],"about":[{"href":"https:\/\/techstore.ba\/shop\/wp-json\/wp\/v2\/types\/product"}],"wp:featuredmedia":[{"embeddable":true,"href":"https:\/\/techstore.ba\/shop\/wp-json\/wp\/v2\/media\/31051"}],"wp:attachment":[{"href":"https:\/\/techstore.ba\/shop\/wp-json\/wp\/v2\/media?parent=31050"}],"wp:term":[{"taxonomy":"product_cat","embeddable":true,"href":"https:\/\/techstore.ba\/shop\/wp-json\/wp\/v2\/product_cat?post=31050"},{"taxonomy":"product_tag","embeddable":true,"href":"https:\/\/techstore.ba\/shop\/wp-json\/wp\/v2\/product_tag?post=31050"}],"curies":[{"name":"wp","href":"https:\/\/api.w.org\/{rel}","templated":true}]}}