{"id":31011,"date":"2026-02-02T18:17:50","date_gmt":"2026-02-02T17:17:50","guid":{"rendered":"https:\/\/techstore.ba\/shop\/product\/tefal-multilates-snack-xl-snack-xl\/"},"modified":"2026-03-19T15:33:02","modified_gmt":"2026-03-19T14:33:02","slug":"tefal-multilates-snack-xl-snack-xl","status":"publish","type":"product","link":"https:\/\/techstore.ba\/shop\/product\/tefal-multilates-snack-xl-snack-xl\/","title":{"rendered":"Tefal Multilates Snack XL Snack XL"},"content":{"rendered":"","protected":false},"excerpt":{"rendered":"<p>Tefal toster SW701110 Snack XL.Velike plo\u010de,\u0161ire su i dublje od klasi\u010dnih tostera,za obilno punjene sendvi\u010de.Dvije zamjenjive plo\u010de za pretvaranje tostera u aparat za vafle.Perive plo\u010de u sudoma\u0161ini.Snaga 850W.<\/p>\n","protected":false},"featured_media":31012,"template":"","meta":[],"product_cat":[844,835,15],"product_tag":[],"class_list":{"0":"post-31011","1":"product","2":"type-product","3":"status-publish","4":"has-post-thumbnail","6":"product_cat-brend-tefal","7":"product_cat-ct-toster","8":"product_cat-uncategorized","9":"pa_brend-tefal","11":"first","12":"instock","13":"shipping-taxable","14":"purchasable","15":"product-type-simple"},"_links":{"self":[{"href":"https:\/\/techstore.ba\/shop\/wp-json\/wp\/v2\/product\/31011","targetHints":{"allow":["GET"]}}],"collection":[{"href":"https:\/\/techstore.ba\/shop\/wp-json\/wp\/v2\/product"}],"about":[{"href":"https:\/\/techstore.ba\/shop\/wp-json\/wp\/v2\/types\/product"}],"wp:featuredmedia":[{"embeddable":true,"href":"https:\/\/techstore.ba\/shop\/wp-json\/wp\/v2\/media\/31012"}],"wp:attachment":[{"href":"https:\/\/techstore.ba\/shop\/wp-json\/wp\/v2\/media?parent=31011"}],"wp:term":[{"taxonomy":"product_cat","embeddable":true,"href":"https:\/\/techstore.ba\/shop\/wp-json\/wp\/v2\/product_cat?post=31011"},{"taxonomy":"product_tag","embeddable":true,"href":"https:\/\/techstore.ba\/shop\/wp-json\/wp\/v2\/product_tag?post=31011"}],"curies":[{"name":"wp","href":"https:\/\/api.w.org\/{rel}","templated":true}]}}