{"id":31005,"date":"2026-02-02T18:17:48","date_gmt":"2026-02-02T17:17:48","guid":{"rendered":"https:\/\/techstore.ba\/shop\/product\/tefal-ultracompact-grill\/"},"modified":"2026-03-03T04:11:27","modified_gmt":"2026-03-03T03:11:27","slug":"tefal-ultracompact-grill","status":"publish","type":"product","link":"https:\/\/techstore.ba\/shop\/product\/tefal-ultracompact-grill\/","title":{"rendered":"Tefal Ultracompact Grill"},"content":{"rendered":"","protected":false},"excerpt":{"rendered":"<p>Tefal SM157236 Ultracompact Grill i Panini toster, Jednostavan za \u010di\u0161\u0107enje sa neprijanjaju\u0107im oblogama, 700 W, Jednostavna upotreba uz indikator on\/off na po\u010detku i na kraju zagrijavanja, te kop\u010de za zaklju\u010davanje i izolirana dr\u0161ka.<\/p>\n","protected":false},"featured_media":31006,"template":"","meta":[],"product_cat":[844,835,15],"product_tag":[],"class_list":{"0":"post-31005","1":"product","2":"type-product","3":"status-publish","4":"has-post-thumbnail","6":"product_cat-brend-tefal","7":"product_cat-ct-toster","8":"product_cat-uncategorized","9":"pa_brend-tefal","11":"first","12":"instock","13":"shipping-taxable","14":"purchasable","15":"product-type-simple"},"_links":{"self":[{"href":"https:\/\/techstore.ba\/shop\/wp-json\/wp\/v2\/product\/31005","targetHints":{"allow":["GET"]}}],"collection":[{"href":"https:\/\/techstore.ba\/shop\/wp-json\/wp\/v2\/product"}],"about":[{"href":"https:\/\/techstore.ba\/shop\/wp-json\/wp\/v2\/types\/product"}],"wp:featuredmedia":[{"embeddable":true,"href":"https:\/\/techstore.ba\/shop\/wp-json\/wp\/v2\/media\/31006"}],"wp:attachment":[{"href":"https:\/\/techstore.ba\/shop\/wp-json\/wp\/v2\/media?parent=31005"}],"wp:term":[{"taxonomy":"product_cat","embeddable":true,"href":"https:\/\/techstore.ba\/shop\/wp-json\/wp\/v2\/product_cat?post=31005"},{"taxonomy":"product_tag","embeddable":true,"href":"https:\/\/techstore.ba\/shop\/wp-json\/wp\/v2\/product_tag?post=31005"}],"curies":[{"name":"wp","href":"https:\/\/api.w.org\/{rel}","templated":true}]}}