{"id":30940,"date":"2026-02-02T18:14:04","date_gmt":"2026-02-02T17:14:04","guid":{"rendered":"https:\/\/techstore.ba\/shop\/product\/tesla-sudomasina-wd631m60-cm-12-kompleta-4-prog-8-temp-aaa-klasa-do-32-min-brzi-prog\/"},"modified":"2026-02-13T08:55:16","modified_gmt":"2026-02-13T07:55:16","slug":"tesla-sudomasina-wd631m60-cm-12-kompleta-4-prog-8-temp-aaa-klasa-do-32-min-brzi-prog","status":"publish","type":"product","link":"https:\/\/techstore.ba\/shop\/product\/tesla-sudomasina-wd631m60-cm-12-kompleta-4-prog-8-temp-aaa-klasa-do-32-min-brzi-prog\/","title":{"rendered":"TESLA Sudoma\u0161ina WD631M60 cm; 12 kompleta; 4 prog.8 temp.;A+AA klasa; do 32 min brzi prog"},"content":{"rendered":"","protected":false},"excerpt":{"rendered":"<p>TESLA Ma\u0161ina za su\u0111e WD631M; samostoje\u0107a 60 cm; 12 kompleta; 4 programa; 8 temperatura; odlo\u017een start\/ 1\/2 punjenja; intenzivni program na 70 C; brzi program od 32 min; nivo buke 49 dB; E klasa; 0,92 kWh\/ciklusu.; 11 l\/ciklusu; BIJELA<\/p>\n","protected":false},"featured_media":30941,"template":"","meta":[],"product_cat":[15],"product_tag":[],"class_list":{"0":"post-30940","1":"product","2":"type-product","3":"status-publish","4":"has-post-thumbnail","6":"product_cat-uncategorized","7":"pa_brend-uncategorized","9":"first","10":"outofstock","11":"shipping-taxable","12":"purchasable","13":"product-type-simple"},"_links":{"self":[{"href":"https:\/\/techstore.ba\/shop\/wp-json\/wp\/v2\/product\/30940","targetHints":{"allow":["GET"]}}],"collection":[{"href":"https:\/\/techstore.ba\/shop\/wp-json\/wp\/v2\/product"}],"about":[{"href":"https:\/\/techstore.ba\/shop\/wp-json\/wp\/v2\/types\/product"}],"wp:featuredmedia":[{"embeddable":true,"href":"https:\/\/techstore.ba\/shop\/wp-json\/wp\/v2\/media\/30941"}],"wp:attachment":[{"href":"https:\/\/techstore.ba\/shop\/wp-json\/wp\/v2\/media?parent=30940"}],"wp:term":[{"taxonomy":"product_cat","embeddable":true,"href":"https:\/\/techstore.ba\/shop\/wp-json\/wp\/v2\/product_cat?post=30940"},{"taxonomy":"product_tag","embeddable":true,"href":"https:\/\/techstore.ba\/shop\/wp-json\/wp\/v2\/product_tag?post=30940"}],"curies":[{"name":"wp","href":"https:\/\/api.w.org\/{rel}","templated":true}]}}