{"id":30938,"date":"2026-02-02T18:14:03","date_gmt":"2026-02-02T17:14:03","guid":{"rendered":"https:\/\/techstore.ba\/shop\/product\/tesla-sudomasina-wd461mx45-cm-9-kompleta-7-programa8-temperatura-odlozen-start-inox\/"},"modified":"2026-03-03T03:51:26","modified_gmt":"2026-03-03T02:51:26","slug":"tesla-sudomasina-wd461mx45-cm-9-kompleta-7-programa8-temperatura-odlozen-start-inox","status":"publish","type":"product","link":"https:\/\/techstore.ba\/shop\/product\/tesla-sudomasina-wd461mx45-cm-9-kompleta-7-programa8-temperatura-odlozen-start-inox\/","title":{"rendered":"TESLA Sudoma\u0161ina WD461MX45 cm; 9 kompleta; 7 programa;8 temperatura; odlo\u017een start; INOX"},"content":{"rendered":"","protected":false},"excerpt":{"rendered":"<p>TESLA Ma\u0161ina za su\u0111e WD461MX; samostoje\u0107a 45 cm; 9 kompleta; 7 programa; 8 temperatura; odlo\u017een start\/ 1\/2 punjenja; intenzivni program na 70 C; brzi program od 32 mion; nivo buke 49 dB; E en.klasa; 0,7 kWh\/ciklusu; 9 l\/ciklusu; INOX<\/p>\n","protected":false},"featured_media":30939,"template":"","meta":[],"product_cat":[832,845,15],"product_tag":[],"class_list":{"0":"post-30938","1":"product","2":"type-product","3":"status-publish","4":"has-post-thumbnail","6":"product_cat-ct-sudomasine","7":"product_cat-brend-tesla","8":"product_cat-uncategorized","9":"pa_brend-sudomasine","11":"first","12":"instock","13":"shipping-taxable","14":"purchasable","15":"product-type-simple"},"_links":{"self":[{"href":"https:\/\/techstore.ba\/shop\/wp-json\/wp\/v2\/product\/30938","targetHints":{"allow":["GET"]}}],"collection":[{"href":"https:\/\/techstore.ba\/shop\/wp-json\/wp\/v2\/product"}],"about":[{"href":"https:\/\/techstore.ba\/shop\/wp-json\/wp\/v2\/types\/product"}],"wp:featuredmedia":[{"embeddable":true,"href":"https:\/\/techstore.ba\/shop\/wp-json\/wp\/v2\/media\/30939"}],"wp:attachment":[{"href":"https:\/\/techstore.ba\/shop\/wp-json\/wp\/v2\/media?parent=30938"}],"wp:term":[{"taxonomy":"product_cat","embeddable":true,"href":"https:\/\/techstore.ba\/shop\/wp-json\/wp\/v2\/product_cat?post=30938"},{"taxonomy":"product_tag","embeddable":true,"href":"https:\/\/techstore.ba\/shop\/wp-json\/wp\/v2\/product_tag?post=30938"}],"curies":[{"name":"wp","href":"https:\/\/api.w.org\/{rel}","templated":true}]}}