{"id":30932,"date":"2026-02-02T18:14:00","date_gmt":"2026-02-02T17:14:00","guid":{"rendered":"https:\/\/techstore.ba\/shop\/product\/tesla-sudomasina-wd431m45-cm-9-kompleta-4-programa49-db-aaa-klasa-197-kwh-god\/"},"modified":"2026-03-03T03:51:26","modified_gmt":"2026-03-03T02:51:26","slug":"tesla-sudomasina-wd431m45-cm-9-kompleta-4-programa49-db-aaa-klasa-197-kwh-god","status":"publish","type":"product","link":"https:\/\/techstore.ba\/shop\/product\/tesla-sudomasina-wd431m45-cm-9-kompleta-4-programa49-db-aaa-klasa-197-kwh-god\/","title":{"rendered":"TESLA Sudoma\u0161ina WD431M45 cm; 9 kompleta; 4 programa,49 dB; A++AA klasa; 197 kWh\/god"},"content":{"rendered":"","protected":false},"excerpt":{"rendered":"<p>TESLA Ma\u0161ina za su\u0111e WD431M; samostoje\u0107a 45 cm; 9 kompleta; 4 programa; Intensive, Eco, 90 min, Brzi prog.; 1\/2 punjenja; nivo buke 49 dB; E en.klasa; 0,7 kWh\/ciklusu; 9 l\/ciklusu; BIJELA<\/p>\n","protected":false},"featured_media":30933,"template":"","meta":[],"product_cat":[832,845,15],"product_tag":[],"class_list":{"0":"post-30932","1":"product","2":"type-product","3":"status-publish","4":"has-post-thumbnail","6":"product_cat-ct-sudomasine","7":"product_cat-brend-tesla","8":"product_cat-uncategorized","9":"pa_brend-sudomasine","11":"first","12":"outofstock","13":"shipping-taxable","14":"purchasable","15":"product-type-simple"},"_links":{"self":[{"href":"https:\/\/techstore.ba\/shop\/wp-json\/wp\/v2\/product\/30932","targetHints":{"allow":["GET"]}}],"collection":[{"href":"https:\/\/techstore.ba\/shop\/wp-json\/wp\/v2\/product"}],"about":[{"href":"https:\/\/techstore.ba\/shop\/wp-json\/wp\/v2\/types\/product"}],"wp:featuredmedia":[{"embeddable":true,"href":"https:\/\/techstore.ba\/shop\/wp-json\/wp\/v2\/media\/30933"}],"wp:attachment":[{"href":"https:\/\/techstore.ba\/shop\/wp-json\/wp\/v2\/media?parent=30932"}],"wp:term":[{"taxonomy":"product_cat","embeddable":true,"href":"https:\/\/techstore.ba\/shop\/wp-json\/wp\/v2\/product_cat?post=30932"},{"taxonomy":"product_tag","embeddable":true,"href":"https:\/\/techstore.ba\/shop\/wp-json\/wp\/v2\/product_tag?post=30932"}],"curies":[{"name":"wp","href":"https:\/\/api.w.org\/{rel}","templated":true}]}}