{"id":30884,"date":"2026-02-02T18:12:42","date_gmt":"2026-02-02T17:12:42","guid":{"rendered":"https:\/\/techstore.ba\/shop\/product\/bosch-perilica-posudja-serie-4bruseni-celik-c-14-setova9l46db-escajg-ladica-old-sms4hvi00e\/"},"modified":"2026-04-04T11:50:10","modified_gmt":"2026-04-04T09:50:10","slug":"bosch-perilica-posudja-serie-4bruseni-celik-c-14-setova9l46db-escajg-ladica-old-sms4hvi00e","status":"publish","type":"product","link":"https:\/\/techstore.ba\/shop\/product\/bosch-perilica-posudja-serie-4bruseni-celik-c-14-setova9l46db-escajg-ladica-old-sms4hvi00e\/","title":{"rendered":"BOSCH perilica posu\u0111a Serie 4|Bru\u0161eni \u010celik ,C, 14 setova,9L,46dB, Escajg ladica, Old: SMS4HVI00E"},"content":{"rendered":"","protected":false},"excerpt":{"rendered":"<p>BOSCH perilica posu\u0111a SMS4HVI14E Serie 4|Bru\u0161eni \u010celik ,C, 14 setova,9L,46dB, Escajg ladica, Old: SMS4HVI00E<\/p>\n","protected":false},"featured_media":0,"template":"","meta":[],"product_cat":[843,832,15],"product_tag":[],"class_list":{"0":"post-30884","1":"product","2":"type-product","3":"status-publish","5":"product_cat-brend-bosch","6":"product_cat-ct-sudomasine","7":"product_cat-uncategorized","8":"pa_brend-bosch","10":"first","11":"instock","12":"shipping-taxable","13":"purchasable","14":"product-type-simple"},"_links":{"self":[{"href":"https:\/\/techstore.ba\/shop\/wp-json\/wp\/v2\/product\/30884","targetHints":{"allow":["GET"]}}],"collection":[{"href":"https:\/\/techstore.ba\/shop\/wp-json\/wp\/v2\/product"}],"about":[{"href":"https:\/\/techstore.ba\/shop\/wp-json\/wp\/v2\/types\/product"}],"wp:attachment":[{"href":"https:\/\/techstore.ba\/shop\/wp-json\/wp\/v2\/media?parent=30884"}],"wp:term":[{"taxonomy":"product_cat","embeddable":true,"href":"https:\/\/techstore.ba\/shop\/wp-json\/wp\/v2\/product_cat?post=30884"},{"taxonomy":"product_tag","embeddable":true,"href":"https:\/\/techstore.ba\/shop\/wp-json\/wp\/v2\/product_tag?post=30884"}],"curies":[{"name":"wp","href":"https:\/\/api.w.org\/{rel}","templated":true}]}}