{"id":30881,"date":"2026-02-02T18:12:41","date_gmt":"2026-02-02T17:12:41","guid":{"rendered":"https:\/\/techstore.ba\/shop\/product\/bosch-perilica-posudja-serie-4bruseni-celik-d-14-setova9l46db-escajg-ladica-old-sms4hvi33e\/"},"modified":"2026-02-03T05:50:37","modified_gmt":"2026-02-03T04:50:37","slug":"bosch-perilica-posudja-serie-4bruseni-celik-d-14-setova9l46db-escajg-ladica-old-sms4hvi33e","status":"publish","type":"product","link":"https:\/\/techstore.ba\/shop\/product\/bosch-perilica-posudja-serie-4bruseni-celik-d-14-setova9l46db-escajg-ladica-old-sms4hvi33e\/","title":{"rendered":"BOSCH perilica posu\u0111a Serie 4|Bru\u0161eni \u010celik ,D, 14 setova,9L,46dB, Escajg ladica, Old: SMS4HVI33E"},"content":{"rendered":"<h3>Specifikacije<\/h3>\n<table style=\"border-collapse:collapse;width:100%\">\n<tr>\n<th style=\"text-align:left;padding:6px 10px;border:1px solid #eee\">NUMBER OF PROGRA_DWS<\/th>\n<td style=\"padding:6px 10px;border:1px solid #eee\">6<\/td>\n<\/tr>\n<tr>\n<th style=\"text-align:left;padding:6px 10px;border:1px solid #eee\">NUMBER OF TEMPER_DWS<\/th>\n<td style=\"padding:6px 10px;border:1px solid #eee\">5<\/td>\n<\/tr>\n<tr>\n<th style=\"text-align:left;padding:6px 10px;border:1px solid #eee\">TYPE OF APPLIANC_DWS<\/th>\n<td style=\"padding:6px 10px;border:1px solid #eee\">Samostoje\u0107a<\/td>\n<\/tr>\n<tr>\n<th style=\"text-align:left;padding:6px 10px;border:1px solid #eee\">NO OF PLACE SET_DWS<\/th>\n<td style=\"padding:6px 10px;border:1px solid #eee\">14<\/td>\n<\/tr>\n<tr>\n<th style=\"text-align:left;padding:6px 10px;border:1px solid #eee\">WARRANTY_DWS<\/th>\n<td style=\"padding:6px 10px;border:1px solid #eee\">2G<\/td>\n<\/tr>\n<tr>\n<th style=\"text-align:left;padding:6px 10px;border:1px solid #eee\">WIDTH CM_DWS<\/th>\n<td style=\"padding:6px 10px;border:1px solid #eee\">60<\/td>\n<\/tr>\n<tr>\n<th style=\"text-align:left;padding:6px 10px;border:1px solid #eee\">COLOR_DWS<\/th>\n<td style=\"padding:6px 10px;border:1px solid #eee\">Inox<\/td>\n<\/tr>\n<tr>\n<th style=\"text-align:left;padding:6px 10px;border:1px solid #eee\">ENERGY CLASS_DWS<\/th>\n<td style=\"padding:6px 10px;border:1px solid #eee\">D<\/td>\n<\/tr>\n<\/table>\n","protected":false},"excerpt":{"rendered":"<p>BOSCH perilica posu\u0111a SMS4HVI00E Serie 4| Bru\u0161eni \u010celik ,D, 14 setova,9L,46dB, Escajg ladica,Ko\u0161are VarioFlex i VarioDrawer, Naslijednik modela: SMS4HVI33E<\/p>\n","protected":false},"featured_media":30882,"template":"","meta":[],"product_cat":[15],"product_tag":[],"class_list":{"0":"post-30881","1":"product","2":"type-product","3":"status-publish","4":"has-post-thumbnail","6":"product_cat-uncategorized","7":"pa_brend-uncategorized","9":"first","10":"outofstock","11":"shipping-taxable","12":"purchasable","13":"product-type-simple"},"_links":{"self":[{"href":"https:\/\/techstore.ba\/shop\/wp-json\/wp\/v2\/product\/30881","targetHints":{"allow":["GET"]}}],"collection":[{"href":"https:\/\/techstore.ba\/shop\/wp-json\/wp\/v2\/product"}],"about":[{"href":"https:\/\/techstore.ba\/shop\/wp-json\/wp\/v2\/types\/product"}],"wp:featuredmedia":[{"embeddable":true,"href":"https:\/\/techstore.ba\/shop\/wp-json\/wp\/v2\/media\/30882"}],"wp:attachment":[{"href":"https:\/\/techstore.ba\/shop\/wp-json\/wp\/v2\/media?parent=30881"}],"wp:term":[{"taxonomy":"product_cat","embeddable":true,"href":"https:\/\/techstore.ba\/shop\/wp-json\/wp\/v2\/product_cat?post=30881"},{"taxonomy":"product_tag","embeddable":true,"href":"https:\/\/techstore.ba\/shop\/wp-json\/wp\/v2\/product_tag?post=30881"}],"curies":[{"name":"wp","href":"https:\/\/api.w.org\/{rel}","templated":true}]}}