{"id":30638,"date":"2026-02-02T18:07:54","date_gmt":"2026-02-02T17:07:54","guid":{"rendered":"https:\/\/techstore.ba\/shop\/product\/bosch-elektricni-stednjak-serie-4-a-66l-bijeli-ecocleandirect-display\/"},"modified":"2026-04-04T11:49:28","modified_gmt":"2026-04-04T09:49:28","slug":"bosch-elektricni-stednjak-serie-4-a-66l-bijeli-ecocleandirect-display","status":"publish","type":"product","link":"https:\/\/techstore.ba\/shop\/product\/bosch-elektricni-stednjak-serie-4-a-66l-bijeli-ecocleandirect-display\/","title":{"rendered":"BOSCH elektri\u010dni \u0161tednjak Serie 4|, A, 66L, BIJELI EcoCleanDirect, Display"},"content":{"rendered":"<h3>Specifikacije<\/h3>\n<table style=\"border-collapse:collapse;width:100%\">\n<tr>\n<th style=\"text-align:left;padding:6px 10px;border:1px solid #eee\">NAME OF APPLI_COOKER<\/th>\n<td style=\"padding:6px 10px;border:1px solid #eee\">Samostoje\u0107i<\/td>\n<\/tr>\n<tr>\n<th style=\"text-align:left;padding:6px 10px;border:1px solid #eee\">TYPE OF APPLIANCE<\/th>\n<td style=\"padding:6px 10px;border:1px solid #eee\">Elektricni<\/td>\n<\/tr>\n<\/table>\n","protected":false},"excerpt":{"rendered":"<p>BOSCH elektri\u010dni \u0161tednjak HKR39C220  Serie 4|, A, 66L, BIJELI, Dvonivojske teleskopske vo\u0111ice na izvla\u010denje, 7 programa pe\u010denja<\/p>\n","protected":false},"featured_media":30639,"template":"","meta":[],"product_cat":[843,831,15],"product_tag":[],"class_list":{"0":"post-30638","1":"product","2":"type-product","3":"status-publish","4":"has-post-thumbnail","6":"product_cat-brend-bosch","7":"product_cat-ct-sporet","8":"product_cat-uncategorized","9":"pa_brend-bosch","11":"first","12":"outofstock","13":"shipping-taxable","14":"purchasable","15":"product-type-simple"},"_links":{"self":[{"href":"https:\/\/techstore.ba\/shop\/wp-json\/wp\/v2\/product\/30638","targetHints":{"allow":["GET"]}}],"collection":[{"href":"https:\/\/techstore.ba\/shop\/wp-json\/wp\/v2\/product"}],"about":[{"href":"https:\/\/techstore.ba\/shop\/wp-json\/wp\/v2\/types\/product"}],"wp:featuredmedia":[{"embeddable":true,"href":"https:\/\/techstore.ba\/shop\/wp-json\/wp\/v2\/media\/30639"}],"wp:attachment":[{"href":"https:\/\/techstore.ba\/shop\/wp-json\/wp\/v2\/media?parent=30638"}],"wp:term":[{"taxonomy":"product_cat","embeddable":true,"href":"https:\/\/techstore.ba\/shop\/wp-json\/wp\/v2\/product_cat?post=30638"},{"taxonomy":"product_tag","embeddable":true,"href":"https:\/\/techstore.ba\/shop\/wp-json\/wp\/v2\/product_tag?post=30638"}],"curies":[{"name":"wp","href":"https:\/\/api.w.org\/{rel}","templated":true}]}}