{"id":30634,"date":"2026-02-02T18:07:44","date_gmt":"2026-02-02T17:07:44","guid":{"rendered":"https:\/\/techstore.ba\/shop\/product\/bosch-elektricni-stednjak-serie-2-a-66lravna-ploca-inox-7-programa-3d-hotair\/"},"modified":"2026-04-04T11:49:28","modified_gmt":"2026-04-04T09:49:28","slug":"bosch-elektricni-stednjak-serie-2-a-66lravna-ploca-inox-7-programa-3d-hotair","status":"publish","type":"product","link":"https:\/\/techstore.ba\/shop\/product\/bosch-elektricni-stednjak-serie-2-a-66lravna-ploca-inox-7-programa-3d-hotair\/","title":{"rendered":"BOSCH elektri\u010dni \u0161tednjak Serie 2|, A, 66L,ravna plo\u010da INOX, 7 programa, 3D HotAir,"},"content":{"rendered":"","protected":false},"excerpt":{"rendered":"<p>BOSCH elektri\u010dni \u0161tednjak\/\u0161poret HKA090150 Serie 2| A; INOX; 3D Vru\u0107i zrak; 7 na\u010dina grijanja; 66 l; 1 dvokru\u017eno kolo;Tip uti\u010dnice: &#8230;. nema utika\u010d (elektri\u010dni priklju\u010dak obavlja elektri\u010dar<\/p>\n","protected":false},"featured_media":30635,"template":"","meta":[],"product_cat":[843,831,15],"product_tag":[],"class_list":{"0":"post-30634","1":"product","2":"type-product","3":"status-publish","4":"has-post-thumbnail","6":"product_cat-brend-bosch","7":"product_cat-ct-sporet","8":"product_cat-uncategorized","9":"pa_brend-bosch","11":"first","12":"instock","13":"shipping-taxable","14":"purchasable","15":"product-type-simple"},"_links":{"self":[{"href":"https:\/\/techstore.ba\/shop\/wp-json\/wp\/v2\/product\/30634","targetHints":{"allow":["GET"]}}],"collection":[{"href":"https:\/\/techstore.ba\/shop\/wp-json\/wp\/v2\/product"}],"about":[{"href":"https:\/\/techstore.ba\/shop\/wp-json\/wp\/v2\/types\/product"}],"wp:featuredmedia":[{"embeddable":true,"href":"https:\/\/techstore.ba\/shop\/wp-json\/wp\/v2\/media\/30635"}],"wp:attachment":[{"href":"https:\/\/techstore.ba\/shop\/wp-json\/wp\/v2\/media?parent=30634"}],"wp:term":[{"taxonomy":"product_cat","embeddable":true,"href":"https:\/\/techstore.ba\/shop\/wp-json\/wp\/v2\/product_cat?post=30634"},{"taxonomy":"product_tag","embeddable":true,"href":"https:\/\/techstore.ba\/shop\/wp-json\/wp\/v2\/product_tag?post=30634"}],"curies":[{"name":"wp","href":"https:\/\/api.w.org\/{rel}","templated":true}]}}