{"id":30537,"date":"2026-02-02T18:04:06","date_gmt":"2026-02-02T17:04:06","guid":{"rendered":"https:\/\/techstore.ba\/shop\/product\/tesla-citruseta-cj301bxsnaga-300-w-kapacitet-650-ml-dvosmjerno-okretanje-inox-kuciste\/"},"modified":"2026-04-04T11:47:39","modified_gmt":"2026-04-04T09:47:39","slug":"tesla-citruseta-cj301bxsnaga-300-w-kapacitet-650-ml-dvosmjerno-okretanje-inox-kuciste","status":"publish","type":"product","link":"https:\/\/techstore.ba\/shop\/product\/tesla-citruseta-cj301bxsnaga-300-w-kapacitet-650-ml-dvosmjerno-okretanje-inox-kuciste\/","title":{"rendered":"TESLA Citruseta CJ301BXSnaga 300 W; Kapacitet 650 ml ; Dvosmjerno okretanje INOX ku\u0107i\u0161te"},"content":{"rendered":"<h3>Specifikacije<\/h3>\n<table style=\"border-collapse:collapse;width:100%\">\n<tr>\n<th style=\"text-align:left;padding:6px 10px;border:1px solid #eee\">BOWL_KITCHAPP<\/th>\n<td style=\"padding:6px 10px;border:1px solid #eee\">Plastika<\/td>\n<\/tr>\n<tr>\n<th style=\"text-align:left;padding:6px 10px;border:1px solid #eee\">CAPACITY_KITCHAPP<\/th>\n<td style=\"padding:6px 10px;border:1px solid #eee\">600 ml<\/td>\n<\/tr>\n<tr>\n<th style=\"text-align:left;padding:6px 10px;border:1px solid #eee\">POWER_KITCHAPP<\/th>\n<td style=\"padding:6px 10px;border:1px solid #eee\">300 W<\/td>\n<\/tr>\n<\/table>\n","protected":false},"excerpt":{"rendered":"<p>TESLA Citruseta CJ301BX; Snaga 300 W; Kapacitet posude 650ml; Dvosmjerno okretanje; Podesivi plasti\u010dni filter; Dvije veli\u010dine konusa za cije\u0111enje; Ru\u010dica za pritisak; INOX ku\u0107i\u0161te; Jednostavno rukovanje i \u010di\u0161\u0107enje; Automatska start\/stop funkcija<\/p>\n","protected":false},"featured_media":30538,"template":"","meta":[],"product_cat":[826,845,15],"product_tag":[],"class_list":{"0":"post-30537","1":"product","2":"type-product","3":"status-publish","4":"has-post-thumbnail","6":"product_cat-ct-sokovnik","7":"product_cat-brend-tesla","8":"product_cat-uncategorized","9":"pa_brend-sokovnici","11":"first","12":"outofstock","13":"shipping-taxable","14":"purchasable","15":"product-type-simple"},"_links":{"self":[{"href":"https:\/\/techstore.ba\/shop\/wp-json\/wp\/v2\/product\/30537","targetHints":{"allow":["GET"]}}],"collection":[{"href":"https:\/\/techstore.ba\/shop\/wp-json\/wp\/v2\/product"}],"about":[{"href":"https:\/\/techstore.ba\/shop\/wp-json\/wp\/v2\/types\/product"}],"wp:featuredmedia":[{"embeddable":true,"href":"https:\/\/techstore.ba\/shop\/wp-json\/wp\/v2\/media\/30538"}],"wp:attachment":[{"href":"https:\/\/techstore.ba\/shop\/wp-json\/wp\/v2\/media?parent=30537"}],"wp:term":[{"taxonomy":"product_cat","embeddable":true,"href":"https:\/\/techstore.ba\/shop\/wp-json\/wp\/v2\/product_cat?post=30537"},{"taxonomy":"product_tag","embeddable":true,"href":"https:\/\/techstore.ba\/shop\/wp-json\/wp\/v2\/product_tag?post=30537"}],"curies":[{"name":"wp","href":"https:\/\/api.w.org\/{rel}","templated":true}]}}