{"id":30533,"date":"2026-02-02T18:04:04","date_gmt":"2026-02-02T17:04:04","guid":{"rendered":"https:\/\/techstore.ba\/shop\/product\/tesla-citruseta-cj100wgsnaga-40-w-kapacitet-700-ml-dvosmjerno-okretanje-dvije-velicine\/"},"modified":"2026-04-04T11:47:38","modified_gmt":"2026-04-04T09:47:38","slug":"tesla-citruseta-cj100wgsnaga-40-w-kapacitet-700-ml-dvosmjerno-okretanje-dvije-velicine","status":"publish","type":"product","link":"https:\/\/techstore.ba\/shop\/product\/tesla-citruseta-cj100wgsnaga-40-w-kapacitet-700-ml-dvosmjerno-okretanje-dvije-velicine\/","title":{"rendered":"TESLA Citruseta CJ100WGSnaga 40 W; Kapacitet 700 ml; Dvosmjerno okretanje; Dvije veli\u010dine"},"content":{"rendered":"<h3>Specifikacije<\/h3>\n<table style=\"border-collapse:collapse;width:100%\">\n<tr>\n<th style=\"text-align:left;padding:6px 10px;border:1px solid #eee\">BOWL_KITCHAPP<\/th>\n<td style=\"padding:6px 10px;border:1px solid #eee\">Plastika<\/td>\n<\/tr>\n<tr>\n<th style=\"text-align:left;padding:6px 10px;border:1px solid #eee\">CAPACITY_KITCHAPP<\/th>\n<td style=\"padding:6px 10px;border:1px solid #eee\">700 ml<\/td>\n<\/tr>\n<tr>\n<th style=\"text-align:left;padding:6px 10px;border:1px solid #eee\">POWER_KITCHAPP<\/th>\n<td style=\"padding:6px 10px;border:1px solid #eee\">40 W<\/td>\n<\/tr>\n<\/table>\n","protected":false},"excerpt":{"rendered":"<p>TESLA Citruseta CJ100WG; Snaga 40 W; Kapacitet posude 700ml; Dvosmjerno okretanje; Dvije veli\u010dine konusa za cije\u0111enje; Za\u0161titni poklopac; Jednostavno rukovanje i \u010di\u0161\u0107enje<\/p>\n","protected":false},"featured_media":30534,"template":"","meta":[],"product_cat":[826,845,15],"product_tag":[],"class_list":{"0":"post-30533","1":"product","2":"type-product","3":"status-publish","4":"has-post-thumbnail","6":"product_cat-ct-sokovnik","7":"product_cat-brend-tesla","8":"product_cat-uncategorized","9":"pa_brend-sokovnici","11":"first","12":"outofstock","13":"shipping-taxable","14":"purchasable","15":"product-type-simple"},"_links":{"self":[{"href":"https:\/\/techstore.ba\/shop\/wp-json\/wp\/v2\/product\/30533","targetHints":{"allow":["GET"]}}],"collection":[{"href":"https:\/\/techstore.ba\/shop\/wp-json\/wp\/v2\/product"}],"about":[{"href":"https:\/\/techstore.ba\/shop\/wp-json\/wp\/v2\/types\/product"}],"wp:featuredmedia":[{"embeddable":true,"href":"https:\/\/techstore.ba\/shop\/wp-json\/wp\/v2\/media\/30534"}],"wp:attachment":[{"href":"https:\/\/techstore.ba\/shop\/wp-json\/wp\/v2\/media?parent=30533"}],"wp:term":[{"taxonomy":"product_cat","embeddable":true,"href":"https:\/\/techstore.ba\/shop\/wp-json\/wp\/v2\/product_cat?post=30533"},{"taxonomy":"product_tag","embeddable":true,"href":"https:\/\/techstore.ba\/shop\/wp-json\/wp\/v2\/product_tag?post=30533"}],"curies":[{"name":"wp","href":"https:\/\/api.w.org\/{rel}","templated":true}]}}