{"id":30298,"date":"2026-02-02T17:51:45","date_gmt":"2026-02-02T16:51:45","guid":{"rendered":"https:\/\/techstore.ba\/shop\/product\/samsung-galaxy-a568-256blackandroid-15one-ui-76-7display50-12-5-12mp-cam\/"},"modified":"2026-04-04T11:46:50","modified_gmt":"2026-04-04T09:46:50","slug":"samsung-galaxy-a568-256blackandroid-15one-ui-76-7display50-12-5-12mp-cam","status":"publish","type":"product","link":"https:\/\/techstore.ba\/shop\/product\/samsung-galaxy-a568-256blackandroid-15one-ui-76-7display50-12-5-12mp-cam\/","title":{"rendered":"Samsung Galaxy A56,8\/256,BlackAndroid 15,One UI 76.7&#8221;display,50\/12\/5\/12MP cam"},"content":{"rendered":"<h3>Specifikacije<\/h3>\n<table style=\"border-collapse: collapse; width: 100%;\">\n<tbody>\n<tr>\n<th style=\"text-align: left; padding: 6px 10px; border: 1px solid #eee;\">BT_DANE<\/th>\n<td style=\"padding: 6px 10px; border: 1px solid #eee;\">Da<\/td>\n<\/tr>\n<tr>\n<th style=\"text-align: left; padding: 6px 10px; border: 1px solid #eee;\">CAM_MAIN_SMPH<\/th>\n<td style=\"padding: 6px 10px; border: 1px solid #eee;\">50 MP + 12 MP + 5 MP<\/td>\n<\/tr>\n<tr>\n<th style=\"text-align: left; padding: 6px 10px; border: 1px solid #eee;\">CAM_SEC_SMPH<\/th>\n<td style=\"padding: 6px 10px; border: 1px solid #eee;\">12 MP<\/td>\n<\/tr>\n<tr>\n<th style=\"text-align: left; padding: 6px 10px; border: 1px solid #eee;\">COLOR_SMPH<\/th>\n<td style=\"padding: 6px 10px; border: 1px solid #eee;\">Crna<\/td>\n<\/tr>\n<tr>\n<th style=\"text-align: left; padding: 6px 10px; border: 1px solid #eee;\">CPU_SMPH<\/th>\n<td style=\"padding: 6px 10px; border: 1px solid #eee;\">Exynos<\/td>\n<\/tr>\n<tr>\n<th style=\"text-align: left; padding: 6px 10px; border: 1px solid #eee;\">WIFI<\/th>\n<td style=\"padding: 6px 10px; border: 1px solid #eee;\">Da<\/td>\n<\/tr>\n<tr>\n<th style=\"text-align: left; padding: 6px 10px; border: 1px solid #eee;\">PLAYER_SMPH<\/th>\n<td style=\"padding: 6px 10px; border: 1px solid #eee;\">Da<\/td>\n<\/tr>\n<tr>\n<th style=\"text-align: left; padding: 6px 10px; border: 1px solid #eee;\">RAM_SMPH<\/th>\n<td style=\"padding: 6px 10px; border: 1px solid #eee;\">8 GB<\/td>\n<\/tr>\n<tr>\n<th style=\"text-align: left; padding: 6px 10px; border: 1px solid #eee;\">RESOLUTION_SMPH<\/th>\n<td style=\"padding: 6px 10px; border: 1px solid #eee;\">1080 x 2340<\/td>\n<\/tr>\n<tr>\n<th style=\"text-align: left; padding: 6px 10px; border: 1px solid #eee;\">SIM<\/th>\n<td style=\"padding: 6px 10px; border: 1px solid #eee;\">Nano SIM<\/td>\n<\/tr>\n<tr>\n<th style=\"text-align: left; padding: 6px 10px; border: 1px solid #eee;\">WATERRES<\/th>\n<td style=\"padding: 6px 10px; border: 1px solid #eee;\">Da<\/td>\n<\/tr>\n<tr>\n<th style=\"text-align: left; padding: 6px 10px; border: 1px solid #eee;\">CORE_SMPH<\/th>\n<td style=\"padding: 6px 10px; border: 1px solid #eee;\">Octa Core<\/td>\n<\/tr>\n<tr>\n<th style=\"text-align: left; padding: 6px 10px; border: 1px solid #eee;\">LTE<\/th>\n<td style=\"padding: 6px 10px; border: 1px solid #eee;\">Da<\/td>\n<\/tr>\n<tr>\n<th style=\"text-align: left; padding: 6px 10px; border: 1px solid #eee;\">NFC<\/th>\n<td style=\"padding: 6px 10px; border: 1px solid #eee;\">Da<\/td>\n<\/tr>\n<tr>\n<th style=\"text-align: left; padding: 6px 10px; border: 1px solid #eee;\">OS_SMPH<\/th>\n<td style=\"padding: 6px 10px; border: 1px solid #eee;\">Android<\/td>\n<\/tr>\n<tr>\n<th style=\"text-align: left; padding: 6px 10px; border: 1px solid #eee;\">SCREEN_TYPE_SMPH<\/th>\n<td style=\"padding: 6px 10px; border: 1px solid #eee;\">Super AMOLED<\/td>\n<\/tr>\n<tr>\n<th style=\"text-align: left; padding: 6px 10px; border: 1px solid #eee;\">SIM_NO<\/th>\n<td style=\"padding: 6px 10px; border: 1px solid #eee;\">2<\/td>\n<\/tr>\n<tr>\n<th style=\"text-align: left; padding: 6px 10px; border: 1px solid #eee;\">USB_TYPE_SMPH<\/th>\n<td style=\"padding: 6px 10px; border: 1px solid #eee;\">Type-C<\/td>\n<\/tr>\n<tr>\n<th style=\"text-align: left; padding: 6px 10px; border: 1px solid #eee;\">BATTCAP_SMPH<\/th>\n<td style=\"padding: 6px 10px; border: 1px solid #eee;\">5000<\/td>\n<\/tr>\n<tr>\n<th style=\"text-align: left; padding: 6px 10px; border: 1px solid #eee;\">FPSENSOR<\/th>\n<td style=\"padding: 6px 10px; border: 1px solid #eee;\">Da<\/td>\n<\/tr>\n<tr>\n<th style=\"text-align: left; padding: 6px 10px; border: 1px solid #eee;\">MEMORY_SMPH<\/th>\n<td style=\"padding: 6px 10px; border: 1px solid #eee;\">256 GB<\/td>\n<\/tr>\n<tr>\n<th style=\"text-align: left; padding: 6px 10px; border: 1px solid #eee;\">RUGGED_SMPH<\/th>\n<td style=\"padding: 6px 10px; border: 1px solid #eee;\">Ne<\/td>\n<\/tr>\n<tr>\n<th style=\"text-align: left; padding: 6px 10px; border: 1px solid #eee;\">SCREEN_SIZE_SMPH<\/th>\n<td style=\"padding: 6px 10px; border: 1px solid #eee;\">6.7&#8221;<\/td>\n<\/tr>\n<\/tbody>\n<\/table>\n","protected":false},"excerpt":{"rendered":"<ul class=\"KsbFXc U6u95\" data-sfc-cb=\"\" data-processed=\"true\" data-complete=\"true\">\n<li class=\"dF3vjf\" data-sfc-cb=\"\" data-hveid=\"CAEIAhAA\" data-complete=\"true\" data-sae=\"\"><span class=\"T286Pc\" data-sfc-cp=\"\" data-sfc-cb=\"\" data-complete=\"true\"><strong class=\"Yjhzub\" data-sfc-cb=\"\" data-complete=\"true\">Ekran:<\/strong>\u00a0Prostrani\u00a0<strong class=\"Yjhzub\" data-sfc-cb=\"\" data-complete=\"true\">6,7-in\u010dni<\/strong>\u00a0Super AMOLED sa osvje\u017eavanjem od 120 Hz, sada sa tanjim ivicama u odnosu na prethodnika.<\/span><\/li>\n<li class=\"dF3vjf\" data-sfc-cb=\"\" data-hveid=\"CAEIAhAB\" data-complete=\"true\" data-sae=\"\"><span class=\"T286Pc\" data-sfc-cp=\"\" data-sfc-cb=\"\" data-complete=\"true\"><strong class=\"Yjhzub\" data-sfc-cb=\"\" data-complete=\"true\">Memorija:<\/strong>\u00a0<strong class=\"Yjhzub\" data-sfc-cb=\"\" data-complete=\"true\">8 GB RAM-a<\/strong>\u00a0i\u00a0<strong class=\"Yjhzub\" data-sfc-cb=\"\" data-complete=\"true\">256 GB<\/strong>\u00a0interne memorije, \u0161to je standard za visoku srednju klasu.<\/span><\/li>\n<li class=\"dF3vjf\" data-sfc-cb=\"\" data-hveid=\"CAEIAhAC\" data-complete=\"true\" data-sae=\"\"><span class=\"T286Pc\" data-sfc-cp=\"\" data-sfc-cb=\"\" data-complete=\"true\"><strong class=\"Yjhzub\" data-sfc-cb=\"\" data-complete=\"true\">Softver:<\/strong>\u00a0Dolazi sa najnovijim\u00a0<strong class=\"Yjhzub\" data-sfc-cb=\"\" data-complete=\"true\">Android 15<\/strong>\u00a0operativnim sistemom i\u00a0<strong class=\"Yjhzub\" data-sfc-cb=\"\" data-complete=\"true\">One UI 7<\/strong>\u00a0interfejsom direktno iz kutije.<\/span><\/li>\n<li class=\"dF3vjf\" data-sfc-cb=\"\" data-hveid=\"CAEIAhAD\" data-complete=\"true\" data-sae=\"\"><span class=\"T286Pc\" data-sfc-cp=\"\" data-sfc-cb=\"\" data-complete=\"true\"><strong class=\"Yjhzub\" data-sfc-cb=\"\" data-complete=\"true\">Kamere:<\/strong>\u00a0Pobolj\u0161ani sistem sa\u00a0<strong class=\"Yjhzub\" data-sfc-cb=\"\" data-complete=\"true\">50 MP<\/strong>\u00a0glavnom kamerom (OIS),\u00a0<strong class=\"Yjhzub\" data-sfc-cb=\"\" data-complete=\"true\">12 MP<\/strong>\u00a0ultra-\u0161irokom,\u00a0<strong class=\"Yjhzub\" data-sfc-cb=\"\" data-complete=\"true\">5 MP<\/strong>\u00a0makro senzorom, te novom\u00a0<strong class=\"Yjhzub\" data-sfc-cb=\"\" data-complete=\"true\">12 MP<\/strong>\u00a0prednjom kamerom za bolje selfije.<\/span><\/li>\n<li class=\"dF3vjf\" data-sfc-cb=\"\" data-hveid=\"CAEIAhAE\" data-complete=\"true\" data-sae=\"\"><span class=\"T286Pc\" data-sfc-cp=\"\" data-sfc-cb=\"\" data-complete=\"true\"><strong class=\"Yjhzub\" data-sfc-cb=\"\" data-complete=\"true\">Performanse:<\/strong>\u00a0Pokre\u0107e ga novi\u00a0<strong class=\"Yjhzub\" data-sfc-cb=\"\" data-complete=\"true\">Exynos 1580<\/strong>\u00a0\u010dipset, koji zna\u010dajno popravlja performanse u igrama i AI zadacima, pribli\u017eavaju\u0107i se snazi Galaxy S serije.<\/span><\/li>\n<li class=\"dF3vjf\" data-sfc-cb=\"\" data-hveid=\"CAEIAhAF\" data-sae=\"\" data-complete=\"true\"><span class=\"T286Pc\" data-sfc-cp=\"\" data-sfc-cb=\"\" data-complete=\"true\"><strong class=\"Yjhzub\" data-sfc-cb=\"\" data-complete=\"true\">Dizajn i izdr\u017eljivost:<\/strong>\u00a0Prepoznatljiv Samsungov dizajn sa\u00a0<strong class=\"Yjhzub\" data-sfc-cb=\"\" data-complete=\"true\">IP67<\/strong>\u00a0otporno\u0161\u0107u na vodu i pra\u0161inu, te premium staklenim le\u0111ima.<\/span><span class=\"uJ19be notranslate\" data-wiz-uids=\"tFuUkd_1a,tFuUkd_1b\" data-sfc-cb=\"\" data-complete=\"true\"><span class=\"vKEkVd\" data-animation-atomic=\"\" data-wiz-attrbind=\"class=tFuUkd_19\/TKHnVd\" data-sae=\"\"><span aria-hidden=\"true\" aria-owns=\"action-menu-parent-container\">\u00a0<\/span><\/span><\/span><\/li>\n<li data-sfc-cb=\"\" data-hveid=\"CAEIAhAF\" data-sae=\"\" data-complete=\"true\"><strong>Garancija<\/strong>: 2 godine<\/li>\n<\/ul>\n","protected":false},"featured_media":30299,"template":"","meta":[],"product_cat":[560,475],"product_tag":[],"class_list":{"0":"post-30298","1":"product","2":"type-product","3":"status-publish","4":"has-post-thumbnail","6":"product_cat-brend-samsung","7":"product_cat-ct-smartphone","8":"pa_brend-samsung","10":"first","11":"outofstock","12":"shipping-taxable","13":"purchasable","14":"product-type-simple"},"_links":{"self":[{"href":"https:\/\/techstore.ba\/shop\/wp-json\/wp\/v2\/product\/30298","targetHints":{"allow":["GET"]}}],"collection":[{"href":"https:\/\/techstore.ba\/shop\/wp-json\/wp\/v2\/product"}],"about":[{"href":"https:\/\/techstore.ba\/shop\/wp-json\/wp\/v2\/types\/product"}],"wp:featuredmedia":[{"embeddable":true,"href":"https:\/\/techstore.ba\/shop\/wp-json\/wp\/v2\/media\/30299"}],"wp:attachment":[{"href":"https:\/\/techstore.ba\/shop\/wp-json\/wp\/v2\/media?parent=30298"}],"wp:term":[{"taxonomy":"product_cat","embeddable":true,"href":"https:\/\/techstore.ba\/shop\/wp-json\/wp\/v2\/product_cat?post=30298"},{"taxonomy":"product_tag","embeddable":true,"href":"https:\/\/techstore.ba\/shop\/wp-json\/wp\/v2\/product_tag?post=30298"}],"curies":[{"name":"wp","href":"https:\/\/api.w.org\/{rel}","templated":true}]}}